{"id":1130,"date":"2020-03-11T19:36:47","date_gmt":"2020-03-12T00:36:47","guid":{"rendered":"http:\/\/regalaflores.com\/wp\/?page_id=1130"},"modified":"2020-03-11T19:41:32","modified_gmt":"2020-03-12T00:41:32","slug":"exoticas","status":"publish","type":"page","link":"https:\/\/regalaflores.com\/site\/exoticas\/","title":{"rendered":"Ex\u00f3ticas"},"content":{"rendered":"\n<div class=\"woocommerce columns-4 \">    <ul class=\"products-grid products \">\n    \n\n<li class=\"item col-lg-3 col-md-3 col-sm-3 col-xs-3 notblog product type-product post-253 status-publish first instock product_cat-agradecimiento product_cat-amistad product_cat-amor product_cat-aniversario product_cat-cumpleanos product_cat-dia-de-la-madre product_cat-exoticas product_cat-felicitaciones product_cat-florero product_cat-flores product_cat-para-ella has-post-thumbnail sold-individually shipping-taxable purchasable product-type-simple\">\n  <div class=\"item-inner\">\n                    <div class=\"item-img\">\n                      <div class=\"item-img-info\">\n                        <div class=\"pimg\">\n                    \n            <a href=\"https:\/\/regalaflores.com\/site\/producto\/belleza-tropical\/\" class=\"product-image\">\n              \n                               \n            <\/a>\n            \n          <\/div>\n                    <div class=\"box-hover\">\n                          <ul class=\"add-to-links\">\n\n                                      <li>\n                  \n                  <a title=\"Vista R\u00e1pida\" class=\"yith-wcqv-button quickview link-quickview\" data-product_id=\"253\">Vista R\u00e1pida<\/a><\/li>\n                                            \n\n                                    \n           \n              <\/ul>\n                        <\/div>\n                      <\/div>\n                    <\/div>\n                    <div class=\"item-info\">\n                      <div class=\"info-inner\">\n                        <div class=\"item-title\">\n                               <a href=\"https:\/\/regalaflores.com\/site\/producto\/belleza-tropical\/\">\n               Belleza Tropical<\/a><\/div>\n\n                <div class=\"item-content\">\n                          <div class=\"rating\">\n                            <div class=\"ratings\">\n                              <div class=\"rating-box\">\n                                                       <div style=\"width:0%\" class=\"rating\"><\/div>\n\n                        <\/div>\n                        <\/div>\n                          <\/div>\n                          <div class=\"item-price\">\n                            <div class=\"price-box\">\n                                <span class=\"woocs_price_code\" data-currency=\"\" data-redraw-id=\"6a0900d0c9982\"  data-product-id=\"253\"><span class=\"woocommerce-Price-amount amount\"><bdi><span class=\"woocommerce-Price-currencySymbol\">US$<\/span>&nbsp;31.12<\/bdi><\/span><\/span>\n                         <\/div>\n                          <\/div>\n                          <div class=\"desc std\">\n                         <p class=\"p1\">Cobinaci\u00f3n de flores ex\u00f3ticas: rosas amarillas, aves de para\u00edso, anturios rojos, ginger, girasol, emperico, canci\u00f3n de la india, rusco y helecho. Tiene una base de vidrio cuadrado.<\/p>\n                              <\/div>\n                          <div class=\"action\">\n                         <a href=\"#\" class=\"button yith-wcqv-button\" data-product_id=\"253\">Detalle<\/a>    \n           <\/div>\n                        <\/div>\n                      <\/div>\n                    <\/div>\n                  <\/div>\n                <\/li>\n\n\n\n\n                \n    \n\n<li class=\"item col-lg-3 col-md-3 col-sm-3 col-xs-3 notblog product type-product post-157 status-publish instock product_cat-amor product_cat-aniversario product_cat-cumpleanos product_cat-dia-de-la-madre product_cat-exoticas product_cat-flores product_cat-frutero product_cat-para-ella has-post-thumbnail sold-individually shipping-taxable purchasable product-type-simple\">\n  <div class=\"item-inner\">\n                    <div class=\"item-img\">\n                      <div class=\"item-img-info\">\n                        <div class=\"pimg\">\n                    \n            <a href=\"https:\/\/regalaflores.com\/site\/producto\/canasta-frutal-aves-de-paraiso\/\" class=\"product-image\">\n              \n                               \n            <\/a>\n            \n          <\/div>\n                    <div class=\"box-hover\">\n                          <ul class=\"add-to-links\">\n\n                                      <li>\n                  \n                  <a title=\"Vista R\u00e1pida\" class=\"yith-wcqv-button quickview link-quickview\" data-product_id=\"157\">Vista R\u00e1pida<\/a><\/li>\n                                            \n\n                                    \n           \n              <\/ul>\n                        <\/div>\n                      <\/div>\n                    <\/div>\n                    <div class=\"item-info\">\n                      <div class=\"info-inner\">\n                        <div class=\"item-title\">\n                               <a href=\"https:\/\/regalaflores.com\/site\/producto\/canasta-frutal-aves-de-paraiso\/\">\n               Canasta Frutal Ave de Para\u00edso<\/a><\/div>\n\n                <div class=\"item-content\">\n                          <div class=\"rating\">\n                            <div class=\"ratings\">\n                              <div class=\"rating-box\">\n                                                       <div style=\"width:0%\" class=\"rating\"><\/div>\n\n                        <\/div>\n                        <\/div>\n                          <\/div>\n                          <div class=\"item-price\">\n                            <div class=\"price-box\">\n                                <span class=\"woocs_price_code\" data-currency=\"\" data-redraw-id=\"6a0900d0c9fe4\"  data-product-id=\"157\"><span class=\"woocommerce-Price-amount amount\"><bdi><span class=\"woocommerce-Price-currencySymbol\">US$<\/span>&nbsp;44.31<\/bdi><\/span><\/span>\n                         <\/div>\n                          <\/div>\n                          <div class=\"desc std\">\n                         <p class=\"p1\">Ex\u00f3tica combinacion de aves de para\u00edso, helecho, solidago y deliciosas frutas frescas como pi\u00f1a, uvas chilenas,<span class=\"Apple-converted-space\">\u00a0 <\/span>manzanas rojas, manzanas verdes, pera, granadillas y durazno. Tiene una canasta cuadrada.<\/p>\n                              <\/div>\n                          <div class=\"action\">\n                         <a href=\"#\" class=\"button yith-wcqv-button\" data-product_id=\"157\">Detalle<\/a>    \n           <\/div>\n                        <\/div>\n                      <\/div>\n                    <\/div>\n                  <\/div>\n                <\/li>\n\n\n\n\n                \n    \n\n<li class=\"item col-lg-3 col-md-3 col-sm-3 col-xs-3 notblog product type-product post-266 status-publish instock product_cat-agradecimiento product_cat-amistad product_cat-arreglo product_cat-cumpleanos product_cat-dia-de-la-madre product_cat-exoticas product_cat-para-el product_cat-para-ella has-post-thumbnail sold-individually shipping-taxable purchasable product-type-simple\">\n  <div class=\"item-inner\">\n                    <div class=\"item-img\">\n                      <div class=\"item-img-info\">\n                        <div class=\"pimg\">\n                    \n            <a href=\"https:\/\/regalaflores.com\/site\/producto\/canasta-bocas-de-dragon\/\" class=\"product-image\">\n              \n                               \n            <\/a>\n            \n          <\/div>\n                    <div class=\"box-hover\">\n                          <ul class=\"add-to-links\">\n\n                                      <li>\n                  \n                  <a title=\"Vista R\u00e1pida\" class=\"yith-wcqv-button quickview link-quickview\" data-product_id=\"266\">Vista R\u00e1pida<\/a><\/li>\n                                            \n\n                                    \n           \n              <\/ul>\n                        <\/div>\n                      <\/div>\n                    <\/div>\n                    <div class=\"item-info\">\n                      <div class=\"info-inner\">\n                        <div class=\"item-title\">\n                               <a href=\"https:\/\/regalaflores.com\/site\/producto\/canasta-bocas-de-dragon\/\">\n               Canasta Bocas de Drag\u00f3n<\/a><\/div>\n\n                <div class=\"item-content\">\n                          <div class=\"rating\">\n                            <div class=\"ratings\">\n                              <div class=\"rating-box\">\n                                                       <div style=\"width:0%\" class=\"rating\"><\/div>\n\n                        <\/div>\n                        <\/div>\n                          <\/div>\n                          <div class=\"item-price\">\n                            <div class=\"price-box\">\n                                <span class=\"woocs_price_code\" data-currency=\"\" data-redraw-id=\"6a0900d0ca2ba\"  data-product-id=\"266\"><span class=\"woocommerce-Price-amount amount\"><bdi><span class=\"woocommerce-Price-currencySymbol\">US$<\/span>&nbsp;33.76<\/bdi><\/span><\/span>\n                         <\/div>\n                          <\/div>\n                          <div class=\"desc std\">\n                         <p class=\"p1\">Canasta de bellas flores con Bocas de Drag\u00f3n, gerberas fucsia, girasoles y rusco. Tiene una canasta mediana.<\/p>\n                              <\/div>\n                          <div class=\"action\">\n                         <a href=\"#\" class=\"button yith-wcqv-button\" data-product_id=\"266\">Detalle<\/a>    \n           <\/div>\n                        <\/div>\n                      <\/div>\n                    <\/div>\n                  <\/div>\n                <\/li>\n\n\n\n\n                \n    \n\n<li class=\"item col-lg-3 col-md-3 col-sm-3 col-xs-3 notblog product type-product post-212 status-publish last instock product_cat-agradecimiento product_cat-amistad product_cat-arreglo product_cat-cumpleanos product_cat-exoticas product_cat-felicitaciones product_cat-flores product_cat-para-el has-post-thumbnail sold-individually shipping-taxable purchasable product-type-simple\">\n  <div class=\"item-inner\">\n                    <div class=\"item-img\">\n                      <div class=\"item-img-info\">\n                        <div class=\"pimg\">\n                    \n            <a href=\"https:\/\/regalaflores.com\/site\/producto\/dosis-de-girasoles\/\" class=\"product-image\">\n              \n                               \n            <\/a>\n            \n          <\/div>\n                    <div class=\"box-hover\">\n                          <ul class=\"add-to-links\">\n\n                                      <li>\n                  \n                  <a title=\"Vista R\u00e1pida\" class=\"yith-wcqv-button quickview link-quickview\" data-product_id=\"212\">Vista R\u00e1pida<\/a><\/li>\n                                            \n\n                                    \n           \n              <\/ul>\n                        <\/div>\n                      <\/div>\n                    <\/div>\n                    <div class=\"item-info\">\n                      <div class=\"info-inner\">\n                        <div class=\"item-title\">\n                               <a href=\"https:\/\/regalaflores.com\/site\/producto\/dosis-de-girasoles\/\">\n               Dosis de Girasoles<\/a><\/div>\n\n                <div class=\"item-content\">\n                          <div class=\"rating\">\n                            <div class=\"ratings\">\n                              <div class=\"rating-box\">\n                                                       <div style=\"width:0%\" class=\"rating\"><\/div>\n\n                        <\/div>\n                        <\/div>\n                          <\/div>\n                          <div class=\"item-price\">\n                            <div class=\"price-box\">\n                                <span class=\"woocs_price_code\" data-currency=\"\" data-redraw-id=\"6a0900d0ca556\"  data-product-id=\"212\"><span class=\"woocommerce-Price-amount amount\"><bdi><span class=\"woocommerce-Price-currencySymbol\">US$<\/span>&nbsp;28.48<\/bdi><\/span><\/span>\n                         <\/div>\n                          <\/div>\n                          <div class=\"desc std\">\n                         <p class=\"p1\">Arreglo de 12 girasoles, 3 maracas, palma espina de pescado , solidago y decorada con rusco. Tiene una base de madera rectangular.<\/p>\n                              <\/div>\n                          <div class=\"action\">\n                         <a href=\"#\" class=\"button yith-wcqv-button\" data-product_id=\"212\">Detalle<\/a>    \n           <\/div>\n                        <\/div>\n                      <\/div>\n                    <\/div>\n                  <\/div>\n                <\/li>\n\n\n\n\n                \n    \n\n<li class=\"item col-lg-3 col-md-3 col-sm-3 col-xs-3 notblog product type-product post-268 status-publish first instock product_cat-agradecimiento product_cat-amistad product_cat-aniversario product_cat-arreglo product_cat-cumpleanos product_cat-exoticas product_cat-felicitaciones product_cat-flores product_cat-para-ella has-post-thumbnail sold-individually shipping-taxable purchasable product-type-simple\">\n  <div class=\"item-inner\">\n                    <div class=\"item-img\">\n                      <div class=\"item-img-info\">\n                        <div class=\"pimg\">\n                    \n            <a href=\"https:\/\/regalaflores.com\/site\/producto\/exotico-variado\/\" class=\"product-image\">\n              \n                               \n            <\/a>\n            \n          <\/div>\n                    <div class=\"box-hover\">\n                          <ul class=\"add-to-links\">\n\n                                      <li>\n                  \n                  <a title=\"Vista R\u00e1pida\" class=\"yith-wcqv-button quickview link-quickview\" data-product_id=\"268\">Vista R\u00e1pida<\/a><\/li>\n                                            \n\n                                    \n           \n              <\/ul>\n                        <\/div>\n                      <\/div>\n                    <\/div>\n                    <div class=\"item-info\">\n                      <div class=\"info-inner\">\n                        <div class=\"item-title\">\n                               <a href=\"https:\/\/regalaflores.com\/site\/producto\/exotico-variado\/\">\n               Ex\u00f3tico Variado<\/a><\/div>\n\n                <div class=\"item-content\">\n                          <div class=\"rating\">\n                            <div class=\"ratings\">\n                              <div class=\"rating-box\">\n                                                       <div style=\"width:0%\" class=\"rating\"><\/div>\n\n                        <\/div>\n                        <\/div>\n                          <\/div>\n                          <div class=\"item-price\">\n                            <div class=\"price-box\">\n                                <span class=\"woocs_price_code\" data-currency=\"\" data-redraw-id=\"6a0900d0ca7e3\"  data-product-id=\"268\"><span class=\"woocommerce-Price-amount amount\"><bdi><span class=\"woocommerce-Price-currencySymbol\">US$<\/span>&nbsp;33.76<\/bdi><\/span><\/span>\n                         <\/div>\n                          <\/div>\n                          <div class=\"desc std\">\n                         <p class=\"p1\">Bello Ramo de flores ex\u00f3ticas con heliconias, opal, gerberas amarillas y naranja,<span class=\"Apple-converted-space\">\u00a0 <\/span>ginger roja, silbidio blanco, anturios rojos, empirico, hojas de lino, helecho y solidago. Tiene una base de madera.<\/p>\n                              <\/div>\n                          <div class=\"action\">\n                         <a href=\"#\" class=\"button yith-wcqv-button\" data-product_id=\"268\">Detalle<\/a>    \n           <\/div>\n                        <\/div>\n                      <\/div>\n                    <\/div>\n                  <\/div>\n                <\/li>\n\n\n\n\n                \n    \n\n<li class=\"item col-lg-3 col-md-3 col-sm-3 col-xs-3 notblog product type-product post-275 status-publish instock product_cat-agradecimiento product_cat-amistad product_cat-aniversario product_cat-arreglo product_cat-cumpleanos product_cat-exoticas product_cat-felicitaciones product_cat-para-ella has-post-thumbnail sold-individually shipping-taxable purchasable product-type-simple\">\n  <div class=\"item-inner\">\n                    <div class=\"item-img\">\n                      <div class=\"item-img-info\">\n                        <div class=\"pimg\">\n                    \n            <a href=\"https:\/\/regalaflores.com\/site\/producto\/gerberas-y-ginger-rojas\/\" class=\"product-image\">\n              \n                               \n            <\/a>\n            \n          <\/div>\n                    <div class=\"box-hover\">\n                          <ul class=\"add-to-links\">\n\n                                      <li>\n                  \n                  <a title=\"Vista R\u00e1pida\" class=\"yith-wcqv-button quickview link-quickview\" data-product_id=\"275\">Vista R\u00e1pida<\/a><\/li>\n                                            \n\n                                    \n           \n              <\/ul>\n                        <\/div>\n                      <\/div>\n                    <\/div>\n                    <div class=\"item-info\">\n                      <div class=\"info-inner\">\n                        <div class=\"item-title\">\n                               <a href=\"https:\/\/regalaflores.com\/site\/producto\/gerberas-y-ginger-rojas\/\">\n               Gerberas y Ginger Rojas<\/a><\/div>\n\n                <div class=\"item-content\">\n                          <div class=\"rating\">\n                            <div class=\"ratings\">\n                              <div class=\"rating-box\">\n                                                       <div style=\"width:0%\" class=\"rating\"><\/div>\n\n                        <\/div>\n                        <\/div>\n                          <\/div>\n                          <div class=\"item-price\">\n                            <div class=\"price-box\">\n                                <span class=\"woocs_price_code\" data-currency=\"\" data-redraw-id=\"6a0900d0cab01\"  data-product-id=\"275\"><span class=\"woocommerce-Price-amount amount\"><bdi><span class=\"woocommerce-Price-currencySymbol\">US$<\/span>&nbsp;28.48<\/bdi><\/span><\/span>\n                         <\/div>\n                          <\/div>\n                          <div class=\"desc std\">\n                         <p class=\"p1\">Lindo arreglo ex\u00f3tico con ginger rojas, gerberas surtidas, canci\u00f3n de la india y campana de irlanda. Tiene una base de madera.<\/p>\n                              <\/div>\n                          <div class=\"action\">\n                         <a href=\"#\" class=\"button yith-wcqv-button\" data-product_id=\"275\">Detalle<\/a>    \n           <\/div>\n                        <\/div>\n                      <\/div>\n                    <\/div>\n                  <\/div>\n                <\/li>\n\n\n\n\n                \n    \n\n<li class=\"item col-lg-3 col-md-3 col-sm-3 col-xs-3 notblog product type-product post-303 status-publish instock product_cat-agradecimiento product_cat-amistad product_cat-aniversario product_cat-arreglo product_cat-cumpleanos product_cat-dia-de-la-madre product_cat-exoticas product_cat-felicitaciones product_cat-para-ella has-post-thumbnail sold-individually shipping-taxable purchasable product-type-simple\">\n  <div class=\"item-inner\">\n                    <div class=\"item-img\">\n                      <div class=\"item-img-info\">\n                        <div class=\"pimg\">\n                    \n            <a href=\"https:\/\/regalaflores.com\/site\/producto\/gerberas-y-lirios\/\" class=\"product-image\">\n              \n                               \n            <\/a>\n            \n          <\/div>\n                    <div class=\"box-hover\">\n                          <ul class=\"add-to-links\">\n\n                                      <li>\n                  \n                  <a title=\"Vista R\u00e1pida\" class=\"yith-wcqv-button quickview link-quickview\" data-product_id=\"303\">Vista R\u00e1pida<\/a><\/li>\n                                            \n\n                                    \n           \n              <\/ul>\n                        <\/div>\n                      <\/div>\n                    <\/div>\n                    <div class=\"item-info\">\n                      <div class=\"info-inner\">\n                        <div class=\"item-title\">\n                               <a href=\"https:\/\/regalaflores.com\/site\/producto\/gerberas-y-lirios\/\">\n               Gerberas y Lirios<\/a><\/div>\n\n                <div class=\"item-content\">\n                          <div class=\"rating\">\n                            <div class=\"ratings\">\n                              <div class=\"rating-box\">\n                                                       <div style=\"width:0%\" class=\"rating\"><\/div>\n\n                        <\/div>\n                        <\/div>\n                          <\/div>\n                          <div class=\"item-price\">\n                            <div class=\"price-box\">\n                                <span class=\"woocs_price_code\" data-currency=\"\" data-redraw-id=\"6a0900d0cae17\"  data-product-id=\"303\"><span class=\"woocommerce-Price-amount amount\"><bdi><span class=\"woocommerce-Price-currencySymbol\">US$<\/span>&nbsp;33.76<\/bdi><\/span><\/span>\n                         <\/div>\n                          <\/div>\n                          <div class=\"desc std\">\n                         <p class=\"p1\">Lindo arreglo ex\u00f3tico con gerberas surtidas, lirios perfumado rosado, astromelia rosada, helecho y rusco. Tiene una canasta de mimbre redonda mediana.<\/p>\n                              <\/div>\n                          <div class=\"action\">\n                         <a href=\"#\" class=\"button yith-wcqv-button\" data-product_id=\"303\">Detalle<\/a>    \n           <\/div>\n                        <\/div>\n                      <\/div>\n                    <\/div>\n                  <\/div>\n                <\/li>\n\n\n\n\n                <\/ul>\n<\/div>\n","protected":false},"excerpt":{"rendered":"","protected":false},"author":1,"featured_media":0,"parent":0,"menu_order":0,"comment_status":"closed","ping_status":"closed","template":"","meta":{"spay_email":"","footnotes":""},"class_list":["post-1130","page","type-page","status-publish","hentry","notblog"],"_links":{"self":[{"href":"https:\/\/regalaflores.com\/site\/wp-json\/wp\/v2\/pages\/1130","targetHints":{"allow":["GET"]}}],"collection":[{"href":"https:\/\/regalaflores.com\/site\/wp-json\/wp\/v2\/pages"}],"about":[{"href":"https:\/\/regalaflores.com\/site\/wp-json\/wp\/v2\/types\/page"}],"author":[{"embeddable":true,"href":"https:\/\/regalaflores.com\/site\/wp-json\/wp\/v2\/users\/1"}],"replies":[{"embeddable":true,"href":"https:\/\/regalaflores.com\/site\/wp-json\/wp\/v2\/comments?post=1130"}],"version-history":[{"count":3,"href":"https:\/\/regalaflores.com\/site\/wp-json\/wp\/v2\/pages\/1130\/revisions"}],"predecessor-version":[{"id":1136,"href":"https:\/\/regalaflores.com\/site\/wp-json\/wp\/v2\/pages\/1130\/revisions\/1136"}],"wp:attachment":[{"href":"https:\/\/regalaflores.com\/site\/wp-json\/wp\/v2\/media?parent=1130"}],"curies":[{"name":"wp","href":"https:\/\/api.w.org\/{rel}","templated":true}]}}