{"id":1170,"date":"2020-03-11T21:11:18","date_gmt":"2020-03-12T02:11:18","guid":{"rendered":"http:\/\/regalaflores.com\/wp\/?page_id=1170"},"modified":"2020-03-11T21:11:18","modified_gmt":"2020-03-12T02:11:18","slug":"condolencia","status":"publish","type":"page","link":"https:\/\/regalaflores.com\/site\/condolencia\/","title":{"rendered":"Condolencia"},"content":{"rendered":"\n<div class=\"woocommerce columns-4 \">    <ul class=\"products-grid products \">\n    \n\n<li class=\"item col-lg-3 col-md-3 col-sm-3 col-xs-3 notblog product type-product post-306 status-publish first instock product_cat-condolencia product_cat-flores product_cat-funebre product_cat-surtidas has-post-thumbnail sold-individually shipping-taxable purchasable product-type-simple\">\n  <div class=\"item-inner\">\n                    <div class=\"item-img\">\n                      <div class=\"item-img-info\">\n                        <div class=\"pimg\">\n                    \n            <a href=\"https:\/\/regalaflores.com\/site\/producto\/rosas-blancas-y-boca-de-dragon\/\" class=\"product-image\">\n              \n                               \n            <\/a>\n            \n          <\/div>\n                    <div class=\"box-hover\">\n                          <ul class=\"add-to-links\">\n\n                                      <li>\n                  \n                  <a title=\"Vista R\u00e1pida\" class=\"yith-wcqv-button quickview link-quickview\" data-product_id=\"306\">Vista R\u00e1pida<\/a><\/li>\n                                            \n\n                                    \n           \n              <\/ul>\n                        <\/div>\n                      <\/div>\n                    <\/div>\n                    <div class=\"item-info\">\n                      <div class=\"info-inner\">\n                        <div class=\"item-title\">\n                               <a href=\"https:\/\/regalaflores.com\/site\/producto\/rosas-blancas-y-boca-de-dragon\/\">\n               Rosas Blancas y Boca de Dragon<\/a><\/div>\n\n                <div class=\"item-content\">\n                          <div class=\"rating\">\n                            <div class=\"ratings\">\n                              <div class=\"rating-box\">\n                                                       <div style=\"width:0%\" class=\"rating\"><\/div>\n\n                        <\/div>\n                        <\/div>\n                          <\/div>\n                          <div class=\"item-price\">\n                            <div class=\"price-box\">\n                                <span class=\"woocs_price_code\" data-currency=\"\" data-redraw-id=\"6a0902c12e046\"  data-product-id=\"306\"><span class=\"woocommerce-Price-amount amount\"><bdi><span class=\"woocommerce-Price-currencySymbol\">US$<\/span>&nbsp;44.31<\/bdi><\/span><\/span>\n                         <\/div>\n                          <\/div>\n                          <div class=\"desc std\">\n                         <p class=\"p1\">Distintitvo y elegante arreglo de flores con rosas blancas, boca de drag\u00f3n, campana de irlanda y hojas de lino. Tiene una base de madera negra.<span class=\"Apple-converted-space\">\u00a0 \u00a0<\/span><\/p>\n                              <\/div>\n                          <div class=\"action\">\n                         <a href=\"#\" class=\"button yith-wcqv-button\" data-product_id=\"306\">Detalle<\/a>    \n           <\/div>\n                        <\/div>\n                      <\/div>\n                    <\/div>\n                  <\/div>\n                <\/li>\n\n\n\n\n                \n    \n\n<li class=\"item col-lg-3 col-md-3 col-sm-3 col-xs-3 notblog product type-product post-119 status-publish instock product_cat-agradecimiento product_cat-amistad product_cat-condolencia product_cat-florero product_cat-surtidas has-post-thumbnail sold-individually shipping-taxable purchasable product-type-simple\">\n  <div class=\"item-inner\">\n                    <div class=\"item-img\">\n                      <div class=\"item-img-info\">\n                        <div class=\"pimg\">\n                    \n            <a href=\"https:\/\/regalaflores.com\/site\/producto\/florero-blanco-sentimiento\/\" class=\"product-image\">\n              \n                               \n            <\/a>\n            \n          <\/div>\n                    <div class=\"box-hover\">\n                          <ul class=\"add-to-links\">\n\n                                      <li>\n                  \n                  <a title=\"Vista R\u00e1pida\" class=\"yith-wcqv-button quickview link-quickview\" data-product_id=\"119\">Vista R\u00e1pida<\/a><\/li>\n                                            \n\n                                    \n           \n              <\/ul>\n                        <\/div>\n                      <\/div>\n                    <\/div>\n                    <div class=\"item-info\">\n                      <div class=\"info-inner\">\n                        <div class=\"item-title\">\n                               <a href=\"https:\/\/regalaflores.com\/site\/producto\/florero-blanco-sentimiento\/\">\n               Florero Blanco Sentimiento<\/a><\/div>\n\n                <div class=\"item-content\">\n                          <div class=\"rating\">\n                            <div class=\"ratings\">\n                              <div class=\"rating-box\">\n                                                       <div style=\"width:0%\" class=\"rating\"><\/div>\n\n                        <\/div>\n                        <\/div>\n                          <\/div>\n                          <div class=\"item-price\">\n                            <div class=\"price-box\">\n                                <span class=\"woocs_price_code\" data-currency=\"\" data-redraw-id=\"6a0902c12e655\"  data-product-id=\"119\"><span class=\"woocommerce-Price-amount amount\"><bdi><span class=\"woocommerce-Price-currencySymbol\">US$<\/span>&nbsp;33.76<\/bdi><\/span><\/span>\n                         <\/div>\n                          <\/div>\n                          <div class=\"desc std\">\n                         <p class=\"p1\">Bello y Elegante Florero con 24 rosas blancas, 3 silbidos blancos y hojas grandes con rusco. Tiene un jarr\u00f3n de vidrio cil\u00edndrico.<\/p>\n                              <\/div>\n                          <div class=\"action\">\n                         <a href=\"#\" class=\"button yith-wcqv-button\" data-product_id=\"119\">Detalle<\/a>    \n           <\/div>\n                        <\/div>\n                      <\/div>\n                    <\/div>\n                  <\/div>\n                <\/li>\n\n\n\n\n                \n    \n\n<li class=\"item col-lg-3 col-md-3 col-sm-3 col-xs-3 notblog product type-product post-309 status-publish instock product_cat-condolencia product_cat-funebre has-post-thumbnail sold-individually shipping-taxable purchasable product-type-simple\">\n  <div class=\"item-inner\">\n                    <div class=\"item-img\">\n                      <div class=\"item-img-info\">\n                        <div class=\"pimg\">\n                    \n            <a href=\"https:\/\/regalaflores.com\/site\/producto\/corona-pompon-y-lirios-rosados\/\" class=\"product-image\">\n              \n                               \n            <\/a>\n            \n          <\/div>\n                    <div class=\"box-hover\">\n                          <ul class=\"add-to-links\">\n\n                                      <li>\n                  \n                  <a title=\"Vista R\u00e1pida\" class=\"yith-wcqv-button quickview link-quickview\" data-product_id=\"309\">Vista R\u00e1pida<\/a><\/li>\n                                            \n\n                                    \n           \n              <\/ul>\n                        <\/div>\n                      <\/div>\n                    <\/div>\n                    <div class=\"item-info\">\n                      <div class=\"info-inner\">\n                        <div class=\"item-title\">\n                               <a href=\"https:\/\/regalaflores.com\/site\/producto\/corona-pompon-y-lirios-rosados\/\">\n               Corona pomp\u00f3n y Lirios Rosados<\/a><\/div>\n\n                <div class=\"item-content\">\n                          <div class=\"rating\">\n                            <div class=\"ratings\">\n                              <div class=\"rating-box\">\n                                                       <div style=\"width:0%\" class=\"rating\"><\/div>\n\n                        <\/div>\n                        <\/div>\n                          <\/div>\n                          <div class=\"item-price\">\n                            <div class=\"price-box\">\n                                <span class=\"woocs_price_code\" data-currency=\"\" data-redraw-id=\"6a0902c12e8f7\"  data-product-id=\"309\"><span class=\"woocommerce-Price-amount amount\"><bdi><span class=\"woocommerce-Price-currencySymbol\">US$<\/span>&nbsp;46.95<\/bdi><\/span><\/span>\n                         <\/div>\n                          <\/div>\n                          <div class=\"desc std\">\n                         <p class=\"p1\">Corona F\u00fanebre con pomp\u00f3n blanco, lirios rosados perfumados, rosas blancas y helecho. Corona de icopor. Se exhibe en atril de Bamb\u00fa.<\/p>\n                              <\/div>\n                          <div class=\"action\">\n                         <a href=\"#\" class=\"button yith-wcqv-button\" data-product_id=\"309\">Detalle<\/a>    \n           <\/div>\n                        <\/div>\n                      <\/div>\n                    <\/div>\n                  <\/div>\n                <\/li>\n\n\n\n\n                \n    \n\n<li class=\"item col-lg-3 col-md-3 col-sm-3 col-xs-3 notblog product type-product post-307 status-publish last instock product_cat-condolencia product_cat-funebre has-post-thumbnail sold-individually shipping-taxable purchasable product-type-simple\">\n  <div class=\"item-inner\">\n                    <div class=\"item-img\">\n                      <div class=\"item-img-info\">\n                        <div class=\"pimg\">\n                    \n            <a href=\"https:\/\/regalaflores.com\/site\/producto\/funebre-rosas-y-anturios\/\" class=\"product-image\">\n              \n                               \n            <\/a>\n            \n          <\/div>\n                    <div class=\"box-hover\">\n                          <ul class=\"add-to-links\">\n\n                                      <li>\n                  \n                  <a title=\"Vista R\u00e1pida\" class=\"yith-wcqv-button quickview link-quickview\" data-product_id=\"307\">Vista R\u00e1pida<\/a><\/li>\n                                            \n\n                                    \n           \n              <\/ul>\n                        <\/div>\n                      <\/div>\n                    <\/div>\n                    <div class=\"item-info\">\n                      <div class=\"info-inner\">\n                        <div class=\"item-title\">\n                               <a href=\"https:\/\/regalaflores.com\/site\/producto\/funebre-rosas-y-anturios\/\">\n               F\u00fanebre Rosas y Anturios<\/a><\/div>\n\n                <div class=\"item-content\">\n                          <div class=\"rating\">\n                            <div class=\"ratings\">\n                              <div class=\"rating-box\">\n                                                       <div style=\"width:0%\" class=\"rating\"><\/div>\n\n                        <\/div>\n                        <\/div>\n                          <\/div>\n                          <div class=\"item-price\">\n                            <div class=\"price-box\">\n                                <span class=\"woocs_price_code\" data-currency=\"\" data-redraw-id=\"6a0902c12eb69\"  data-product-id=\"307\"><span class=\"woocommerce-Price-amount amount\"><bdi><span class=\"woocommerce-Price-currencySymbol\">US$<\/span>&nbsp;46.95<\/bdi><\/span><\/span>\n                         <\/div>\n                          <\/div>\n                          <div class=\"desc std\">\n                         <p class=\"p1\">Arreglo funebre con rosas blancas, 10 anturios rojos, alelies blancas, canci\u00f3n de la india, y helecho. tiene base pl\u00e1stica ovalada y se exhibe en atril de bamb\u00fa.<\/p>\n                              <\/div>\n                          <div class=\"action\">\n                         <a href=\"#\" class=\"button yith-wcqv-button\" data-product_id=\"307\">Detalle<\/a>    \n           <\/div>\n                        <\/div>\n                      <\/div>\n                    <\/div>\n                  <\/div>\n                <\/li>\n\n\n\n\n                \n    \n\n<li class=\"item col-lg-3 col-md-3 col-sm-3 col-xs-3 notblog product type-product post-124 status-publish first instock product_cat-condolencia product_cat-florero product_cat-surtidas has-post-thumbnail sold-individually shipping-taxable purchasable product-type-simple\">\n  <div class=\"item-inner\">\n                    <div class=\"item-img\">\n                      <div class=\"item-img-info\">\n                        <div class=\"pimg\">\n                    \n            <a href=\"https:\/\/regalaflores.com\/site\/producto\/florero-condolencia\/\" class=\"product-image\">\n              \n                               \n            <\/a>\n            \n          <\/div>\n                    <div class=\"box-hover\">\n                          <ul class=\"add-to-links\">\n\n                                      <li>\n                  \n                  <a title=\"Vista R\u00e1pida\" class=\"yith-wcqv-button quickview link-quickview\" data-product_id=\"124\">Vista R\u00e1pida<\/a><\/li>\n                                            \n\n                                    \n           \n              <\/ul>\n                        <\/div>\n                      <\/div>\n                    <\/div>\n                    <div class=\"item-info\">\n                      <div class=\"info-inner\">\n                        <div class=\"item-title\">\n                               <a href=\"https:\/\/regalaflores.com\/site\/producto\/florero-condolencia\/\">\n               Florero Condolencia<\/a><\/div>\n\n                <div class=\"item-content\">\n                          <div class=\"rating\">\n                            <div class=\"ratings\">\n                              <div class=\"rating-box\">\n                                                       <div style=\"width:0%\" class=\"rating\"><\/div>\n\n                        <\/div>\n                        <\/div>\n                          <\/div>\n                          <div class=\"item-price\">\n                            <div class=\"price-box\">\n                                <span class=\"woocs_price_code\" data-currency=\"\" data-redraw-id=\"6a0902c1301eb\"  data-product-id=\"124\"><span class=\"woocommerce-Price-amount amount\"><bdi><span class=\"woocommerce-Price-currencySymbol\">US$<\/span>&nbsp;28.48<\/bdi><\/span><\/span>\n                         <\/div>\n                          <\/div>\n                          <div class=\"desc std\">\n                         <p class=\"p1\">Elegancia y Respeto inspiran este florero de 12 rosas blancas, 6 varas de lirio blanco, rusco y eucalipto para decorar.<\/p>\n                              <\/div>\n                          <div class=\"action\">\n                         <a href=\"#\" class=\"button yith-wcqv-button\" data-product_id=\"124\">Detalle<\/a>    \n           <\/div>\n                        <\/div>\n                      <\/div>\n                    <\/div>\n                  <\/div>\n                <\/li>\n\n\n\n\n                \n    \n\n<li class=\"item col-lg-3 col-md-3 col-sm-3 col-xs-3 notblog product type-product post-310 status-publish instock product_cat-condolencia product_cat-funebre has-post-thumbnail sold-individually shipping-taxable purchasable product-type-simple\">\n  <div class=\"item-inner\">\n                    <div class=\"item-img\">\n                      <div class=\"item-img-info\">\n                        <div class=\"pimg\">\n                    \n            <a href=\"https:\/\/regalaflores.com\/site\/producto\/funebre-cubre-cajon\/\" class=\"product-image\">\n              \n                               \n            <\/a>\n            \n          <\/div>\n                    <div class=\"box-hover\">\n                          <ul class=\"add-to-links\">\n\n                                      <li>\n                  \n                  <a title=\"Vista R\u00e1pida\" class=\"yith-wcqv-button quickview link-quickview\" data-product_id=\"310\">Vista R\u00e1pida<\/a><\/li>\n                                            \n\n                                    \n           \n              <\/ul>\n                        <\/div>\n                      <\/div>\n                    <\/div>\n                    <div class=\"item-info\">\n                      <div class=\"info-inner\">\n                        <div class=\"item-title\">\n                               <a href=\"https:\/\/regalaflores.com\/site\/producto\/funebre-cubre-cajon\/\">\n               F\u00fanebre Cubre Caj\u00f3n<\/a><\/div>\n\n                <div class=\"item-content\">\n                          <div class=\"rating\">\n                            <div class=\"ratings\">\n                              <div class=\"rating-box\">\n                                                       <div style=\"width:0%\" class=\"rating\"><\/div>\n\n                        <\/div>\n                        <\/div>\n                          <\/div>\n                          <div class=\"item-price\">\n                            <div class=\"price-box\">\n                                <span class=\"woocs_price_code\" data-currency=\"\" data-redraw-id=\"6a0902c130512\"  data-product-id=\"310\"><span class=\"woocommerce-Price-amount amount\"><bdi><span class=\"woocommerce-Price-currencySymbol\">US$<\/span>&nbsp;39.03<\/bdi><\/span><\/span>\n                         <\/div>\n                          <\/div>\n                          <div class=\"desc std\">\n                         <p class=\"p1\">Arreglo f\u00fanebre con rosas blancas, lirios blancos, delphinium azul claro, margaritas blancas, helecho y gypsophila. Tiene Base plastica ovalada.<\/p>\n                              <\/div>\n                          <div class=\"action\">\n                         <a href=\"#\" class=\"button yith-wcqv-button\" data-product_id=\"310\">Detalle<\/a>    \n           <\/div>\n                        <\/div>\n                      <\/div>\n                    <\/div>\n                  <\/div>\n                <\/li>\n\n\n\n\n                \n    \n\n<li class=\"item col-lg-3 col-md-3 col-sm-3 col-xs-3 notblog product type-product post-308 status-publish instock product_cat-condolencia product_cat-funebre has-post-thumbnail sold-individually shipping-taxable purchasable product-type-simple\">\n  <div class=\"item-inner\">\n                    <div class=\"item-img\">\n                      <div class=\"item-img-info\">\n                        <div class=\"pimg\">\n                    \n            <a href=\"https:\/\/regalaflores.com\/site\/producto\/corona-pompon-y-lirios-blancos\/\" class=\"product-image\">\n              \n                               \n            <\/a>\n            \n          <\/div>\n                    <div class=\"box-hover\">\n                          <ul class=\"add-to-links\">\n\n                                      <li>\n                  \n                  <a title=\"Vista R\u00e1pida\" class=\"yith-wcqv-button quickview link-quickview\" data-product_id=\"308\">Vista R\u00e1pida<\/a><\/li>\n                                            \n\n                                    \n           \n              <\/ul>\n                        <\/div>\n                      <\/div>\n                    <\/div>\n                    <div class=\"item-info\">\n                      <div class=\"info-inner\">\n                        <div class=\"item-title\">\n                               <a href=\"https:\/\/regalaflores.com\/site\/producto\/corona-pompon-y-lirios-blancos\/\">\n               Corona Pomp\u00f3n y Lirios Blancos<\/a><\/div>\n\n                <div class=\"item-content\">\n                          <div class=\"rating\">\n                            <div class=\"ratings\">\n                              <div class=\"rating-box\">\n                                                       <div style=\"width:0%\" class=\"rating\"><\/div>\n\n                        <\/div>\n                        <\/div>\n                          <\/div>\n                          <div class=\"item-price\">\n                            <div class=\"price-box\">\n                                <span class=\"woocs_price_code\" data-currency=\"\" data-redraw-id=\"6a0902c1307cd\"  data-product-id=\"308\"><span class=\"woocommerce-Price-amount amount\"><bdi><span class=\"woocommerce-Price-currencySymbol\">US$<\/span>&nbsp;46.95<\/bdi><\/span><\/span>\n                         <\/div>\n                          <\/div>\n                          <div class=\"desc std\">\n                         <p class=\"p1\">Corona F\u00fanebre con pomp\u00f3n blanco, lirios blancos, rosas blancas y helecho. Corona de icopor. Se exhibe en atril de Bamb\u00fa.<\/p>\n                              <\/div>\n                          <div class=\"action\">\n                         <a href=\"#\" class=\"button yith-wcqv-button\" data-product_id=\"308\">Detalle<\/a>    \n           <\/div>\n                        <\/div>\n                      <\/div>\n                    <\/div>\n                  <\/div>\n                <\/li>\n\n\n\n\n                <\/ul>\n<\/div>\n","protected":false},"excerpt":{"rendered":"","protected":false},"author":2,"featured_media":0,"parent":0,"menu_order":0,"comment_status":"closed","ping_status":"closed","template":"","meta":{"spay_email":"","footnotes":""},"class_list":["post-1170","page","type-page","status-publish","hentry","notblog"],"_links":{"self":[{"href":"https:\/\/regalaflores.com\/site\/wp-json\/wp\/v2\/pages\/1170","targetHints":{"allow":["GET"]}}],"collection":[{"href":"https:\/\/regalaflores.com\/site\/wp-json\/wp\/v2\/pages"}],"about":[{"href":"https:\/\/regalaflores.com\/site\/wp-json\/wp\/v2\/types\/page"}],"author":[{"embeddable":true,"href":"https:\/\/regalaflores.com\/site\/wp-json\/wp\/v2\/users\/2"}],"replies":[{"embeddable":true,"href":"https:\/\/regalaflores.com\/site\/wp-json\/wp\/v2\/comments?post=1170"}],"version-history":[{"count":1,"href":"https:\/\/regalaflores.com\/site\/wp-json\/wp\/v2\/pages\/1170\/revisions"}],"predecessor-version":[{"id":1171,"href":"https:\/\/regalaflores.com\/site\/wp-json\/wp\/v2\/pages\/1170\/revisions\/1171"}],"wp:attachment":[{"href":"https:\/\/regalaflores.com\/site\/wp-json\/wp\/v2\/media?parent=1170"}],"curies":[{"name":"wp","href":"https:\/\/api.w.org\/{rel}","templated":true}]}}