{"id":1193,"date":"2020-03-11T22:42:37","date_gmt":"2020-03-12T03:42:37","guid":{"rendered":"http:\/\/regalaflores.com\/wp\/?page_id=1193"},"modified":"2020-03-11T22:42:37","modified_gmt":"2020-03-12T03:42:37","slug":"florero","status":"publish","type":"page","link":"https:\/\/regalaflores.com\/site\/florero\/","title":{"rendered":"Florero"},"content":{"rendered":"\n<div class=\"woocommerce columns-4 \">    <ul class=\"products-grid products \">\n    \n\n<li class=\"item col-lg-3 col-md-3 col-sm-3 col-xs-3 notblog product type-product post-253 status-publish first instock product_cat-agradecimiento product_cat-amistad product_cat-amor product_cat-aniversario product_cat-cumpleanos product_cat-dia-de-la-madre product_cat-exoticas product_cat-felicitaciones product_cat-florero product_cat-flores product_cat-para-ella has-post-thumbnail sold-individually shipping-taxable purchasable product-type-simple\">\n  <div class=\"item-inner\">\n                    <div class=\"item-img\">\n                      <div class=\"item-img-info\">\n                        <div class=\"pimg\">\n                    \n            <a href=\"https:\/\/regalaflores.com\/site\/producto\/belleza-tropical\/\" class=\"product-image\">\n              \n                               \n            <\/a>\n            \n          <\/div>\n                    <div class=\"box-hover\">\n                          <ul class=\"add-to-links\">\n\n                                      <li>\n                  \n                  <a title=\"Vista R\u00e1pida\" class=\"yith-wcqv-button quickview link-quickview\" data-product_id=\"253\">Vista R\u00e1pida<\/a><\/li>\n                                            \n\n                                    \n           \n              <\/ul>\n                        <\/div>\n                      <\/div>\n                    <\/div>\n                    <div class=\"item-info\">\n                      <div class=\"info-inner\">\n                        <div class=\"item-title\">\n                               <a href=\"https:\/\/regalaflores.com\/site\/producto\/belleza-tropical\/\">\n               Belleza Tropical<\/a><\/div>\n\n                <div class=\"item-content\">\n                          <div class=\"rating\">\n                            <div class=\"ratings\">\n                              <div class=\"rating-box\">\n                                                       <div style=\"width:0%\" class=\"rating\"><\/div>\n\n                        <\/div>\n                        <\/div>\n                          <\/div>\n                          <div class=\"item-price\">\n                            <div class=\"price-box\">\n                                <span class=\"woocs_price_code\" data-currency=\"\" data-redraw-id=\"6a0900d186a1b\"  data-product-id=\"253\"><span class=\"woocommerce-Price-amount amount\"><bdi><span class=\"woocommerce-Price-currencySymbol\">US$<\/span>&nbsp;31.12<\/bdi><\/span><\/span>\n                         <\/div>\n                          <\/div>\n                          <div class=\"desc std\">\n                         <p class=\"p1\">Cobinaci\u00f3n de flores ex\u00f3ticas: rosas amarillas, aves de para\u00edso, anturios rojos, ginger, girasol, emperico, canci\u00f3n de la india, rusco y helecho. Tiene una base de vidrio cuadrado.<\/p>\n                              <\/div>\n                          <div class=\"action\">\n                         <a href=\"#\" class=\"button yith-wcqv-button\" data-product_id=\"253\">Detalle<\/a>    \n           <\/div>\n                        <\/div>\n                      <\/div>\n                    <\/div>\n                  <\/div>\n                <\/li>\n\n\n\n\n                \n    \n\n<li class=\"item col-lg-3 col-md-3 col-sm-3 col-xs-3 notblog product type-product post-102 status-publish instock product_cat-agradecimiento product_cat-amistad product_cat-amor product_cat-aniversario product_cat-cumpleanos product_cat-dia-de-la-madre product_cat-felicitaciones product_cat-florero product_cat-para-ella product_cat-surtidas has-post-thumbnail sold-individually shipping-taxable purchasable product-type-simple\">\n  <div class=\"item-inner\">\n                    <div class=\"item-img\">\n                      <div class=\"item-img-info\">\n                        <div class=\"pimg\">\n                    \n            <a href=\"https:\/\/regalaflores.com\/site\/producto\/florero-amanecer\/\" class=\"product-image\">\n              \n                               \n            <\/a>\n            \n          <\/div>\n                    <div class=\"box-hover\">\n                          <ul class=\"add-to-links\">\n\n                                      <li>\n                  \n                  <a title=\"Vista R\u00e1pida\" class=\"yith-wcqv-button quickview link-quickview\" data-product_id=\"102\">Vista R\u00e1pida<\/a><\/li>\n                                            \n\n                                    \n           \n              <\/ul>\n                        <\/div>\n                      <\/div>\n                    <\/div>\n                    <div class=\"item-info\">\n                      <div class=\"info-inner\">\n                        <div class=\"item-title\">\n                               <a href=\"https:\/\/regalaflores.com\/site\/producto\/florero-amanecer\/\">\n               Florero Amanecer<\/a><\/div>\n\n                <div class=\"item-content\">\n                          <div class=\"rating\">\n                            <div class=\"ratings\">\n                              <div class=\"rating-box\">\n                                                       <div style=\"width:0%\" class=\"rating\"><\/div>\n\n                        <\/div>\n                        <\/div>\n                          <\/div>\n                          <div class=\"item-price\">\n                            <div class=\"price-box\">\n                                <span class=\"woocs_price_code\" data-currency=\"\" data-redraw-id=\"6a0900d186f75\"  data-product-id=\"102\"><span class=\"woocommerce-Price-amount amount\"><bdi><span class=\"woocommerce-Price-currencySymbol\">US$<\/span>&nbsp;26.11<\/bdi><\/span><\/span>\n                         <\/div>\n                          <\/div>\n                          <div class=\"desc std\">\n                                                       <\/div>\n                          <div class=\"action\">\n                         <a href=\"#\" class=\"button yith-wcqv-button\" data-product_id=\"102\">Detalle<\/a>    \n           <\/div>\n                        <\/div>\n                      <\/div>\n                    <\/div>\n                  <\/div>\n                <\/li>\n\n\n\n\n                \n    \n\n<li class=\"item col-lg-3 col-md-3 col-sm-3 col-xs-3 notblog product type-product post-118 status-publish instock product_cat-amor product_cat-aniversario product_cat-cumpleanos product_cat-dia-de-la-madre product_cat-florero product_cat-flores product_cat-para-ella product_cat-rosas has-post-thumbnail sold-individually shipping-taxable purchasable product-type-simple\">\n  <div class=\"item-inner\">\n                    <div class=\"item-img\">\n                      <div class=\"item-img-info\">\n                        <div class=\"pimg\">\n                    \n            <a href=\"https:\/\/regalaflores.com\/site\/producto\/florero-pasion\/\" class=\"product-image\">\n              \n                               \n            <\/a>\n            \n          <\/div>\n                    <div class=\"box-hover\">\n                          <ul class=\"add-to-links\">\n\n                                      <li>\n                  \n                  <a title=\"Vista R\u00e1pida\" class=\"yith-wcqv-button quickview link-quickview\" data-product_id=\"118\">Vista R\u00e1pida<\/a><\/li>\n                                            \n\n                                    \n           \n              <\/ul>\n                        <\/div>\n                      <\/div>\n                    <\/div>\n                    <div class=\"item-info\">\n                      <div class=\"info-inner\">\n                        <div class=\"item-title\">\n                               <a href=\"https:\/\/regalaflores.com\/site\/producto\/florero-pasion\/\">\n               Florero Pasi\u00f3n<\/a><\/div>\n\n                <div class=\"item-content\">\n                          <div class=\"rating\">\n                            <div class=\"ratings\">\n                              <div class=\"rating-box\">\n                                                       <div style=\"width:0%\" class=\"rating\"><\/div>\n\n                        <\/div>\n                        <\/div>\n                          <\/div>\n                          <div class=\"item-price\">\n                            <div class=\"price-box\">\n                                <span class=\"woocs_price_code\" data-currency=\"\" data-redraw-id=\"6a0900d18720d\"  data-product-id=\"118\"><span class=\"woocommerce-Price-amount amount\"><bdi><span class=\"woocommerce-Price-currencySymbol\">US$<\/span>&nbsp;28.48<\/bdi><\/span><\/span>\n                         <\/div>\n                          <\/div>\n                          <div class=\"desc std\">\n                         <p class=\"p1\">Elegante Florero con 24 rosas rojas y rusco para decorar. Tiene un florero de vidrio cil\u00edndrico.<\/p>\n                              <\/div>\n                          <div class=\"action\">\n                         <a href=\"#\" class=\"button yith-wcqv-button\" data-product_id=\"118\">Detalle<\/a>    \n           <\/div>\n                        <\/div>\n                      <\/div>\n                    <\/div>\n                  <\/div>\n                <\/li>\n\n\n\n\n                \n    \n\n<li class=\"item col-lg-3 col-md-3 col-sm-3 col-xs-3 notblog product type-product post-117 status-publish last instock product_cat-agradecimiento product_cat-amistad product_cat-amor product_cat-aniversario product_cat-cumpleanos product_cat-dia-de-la-madre product_cat-felicitaciones product_cat-florero product_cat-para-ella product_cat-surtidas has-post-thumbnail sold-individually shipping-taxable purchasable product-type-simple\">\n  <div class=\"item-inner\">\n                    <div class=\"item-img\">\n                      <div class=\"item-img-info\">\n                        <div class=\"pimg\">\n                    \n            <a href=\"https:\/\/regalaflores.com\/site\/producto\/florero-rosas-surtidas\/\" class=\"product-image\">\n              \n                               \n            <\/a>\n            \n          <\/div>\n                    <div class=\"box-hover\">\n                          <ul class=\"add-to-links\">\n\n                                      <li>\n                  \n                  <a title=\"Vista R\u00e1pida\" class=\"yith-wcqv-button quickview link-quickview\" data-product_id=\"117\">Vista R\u00e1pida<\/a><\/li>\n                                            \n\n                                    \n           \n              <\/ul>\n                        <\/div>\n                      <\/div>\n                    <\/div>\n                    <div class=\"item-info\">\n                      <div class=\"info-inner\">\n                        <div class=\"item-title\">\n                               <a href=\"https:\/\/regalaflores.com\/site\/producto\/florero-rosas-surtidas\/\">\n               Florero Rosas Surtidas<\/a><\/div>\n\n                <div class=\"item-content\">\n                          <div class=\"rating\">\n                            <div class=\"ratings\">\n                              <div class=\"rating-box\">\n                                                       <div style=\"width:0%\" class=\"rating\"><\/div>\n\n                        <\/div>\n                        <\/div>\n                          <\/div>\n                          <div class=\"item-price\">\n                            <div class=\"price-box\">\n                                <span class=\"woocs_price_code\" data-currency=\"\" data-redraw-id=\"6a0900d187628\"  data-product-id=\"117\"><span class=\"woocommerce-Price-amount amount\"><bdi><span class=\"woocommerce-Price-currencySymbol\">US$<\/span>&nbsp;23.47<\/bdi><\/span><\/span>\n                         <\/div>\n                          <\/div>\n                          <div class=\"desc std\">\n                         <p class=\"p1\">Florero con 18 rosas surtidas decorado con rusco y eucalipto. Tiene un florero de vidrio cil\u00edndrico.<\/p>\n                              <\/div>\n                          <div class=\"action\">\n                         <a href=\"#\" class=\"button yith-wcqv-button\" data-product_id=\"117\">Detalle<\/a>    \n           <\/div>\n                        <\/div>\n                      <\/div>\n                    <\/div>\n                  <\/div>\n                <\/li>\n\n\n\n\n                \n    \n\n<li class=\"item col-lg-3 col-md-3 col-sm-3 col-xs-3 notblog product type-product post-116 status-publish first instock product_cat-agradecimiento product_cat-amistad product_cat-amor product_cat-aniversario product_cat-cumpleanos product_cat-dia-de-la-madre product_cat-felicitaciones product_cat-florero product_cat-para-ella product_cat-surtidas has-post-thumbnail sold-individually shipping-taxable purchasable product-type-simple\">\n  <div class=\"item-inner\">\n                    <div class=\"item-img\">\n                      <div class=\"item-img-info\">\n                        <div class=\"pimg\">\n                    \n            <a href=\"https:\/\/regalaflores.com\/site\/producto\/florero-rosas-y-lirios\/\" class=\"product-image\">\n              \n                               \n            <\/a>\n            \n          <\/div>\n                    <div class=\"box-hover\">\n                          <ul class=\"add-to-links\">\n\n                                      <li>\n                  \n                  <a title=\"Vista R\u00e1pida\" class=\"yith-wcqv-button quickview link-quickview\" data-product_id=\"116\">Vista R\u00e1pida<\/a><\/li>\n                                            \n\n                                    \n           \n              <\/ul>\n                        <\/div>\n                      <\/div>\n                    <\/div>\n                    <div class=\"item-info\">\n                      <div class=\"info-inner\">\n                        <div class=\"item-title\">\n                               <a href=\"https:\/\/regalaflores.com\/site\/producto\/florero-rosas-y-lirios\/\">\n               Florero Rosas y Lirios<\/a><\/div>\n\n                <div class=\"item-content\">\n                          <div class=\"rating\">\n                            <div class=\"ratings\">\n                              <div class=\"rating-box\">\n                                                       <div style=\"width:0%\" class=\"rating\"><\/div>\n\n                        <\/div>\n                        <\/div>\n                          <\/div>\n                          <div class=\"item-price\">\n                            <div class=\"price-box\">\n                                <span class=\"woocs_price_code\" data-currency=\"\" data-redraw-id=\"6a0900d18793c\"  data-product-id=\"116\"><span class=\"woocommerce-Price-amount amount\"><bdi><span class=\"woocommerce-Price-currencySymbol\">US$<\/span>&nbsp;33.76<\/bdi><\/span><\/span>\n                         <\/div>\n                          <\/div>\n                          <div class=\"desc std\">\n                         <p class=\"p1\">Florero combinado con 12 rosas surtidas, 7 varas de lirios asi\u00e1ticos rosados, rusco y gypsophila para decorar. <span class=\"s1\">Tiene un florero de vidrio cil\u00edndrico.<\/span><\/p>\n                              <\/div>\n                          <div class=\"action\">\n                         <a href=\"#\" class=\"button yith-wcqv-button\" data-product_id=\"116\">Detalle<\/a>    \n           <\/div>\n                        <\/div>\n                      <\/div>\n                    <\/div>\n                  <\/div>\n                <\/li>\n\n\n\n\n                \n    \n\n<li class=\"item col-lg-3 col-md-3 col-sm-3 col-xs-3 notblog product type-product post-115 status-publish instock product_cat-agradecimiento product_cat-amistad product_cat-amor product_cat-aniversario product_cat-cumpleanos product_cat-dia-de-la-madre product_cat-felicitaciones product_cat-florero product_cat-para-ella product_cat-surtidas has-post-thumbnail sold-individually shipping-taxable purchasable product-type-simple\">\n  <div class=\"item-inner\">\n                    <div class=\"item-img\">\n                      <div class=\"item-img-info\">\n                        <div class=\"pimg\">\n                    \n            <a href=\"https:\/\/regalaflores.com\/site\/producto\/tierna-juventud\/\" class=\"product-image\">\n              \n                               \n            <\/a>\n            \n          <\/div>\n                    <div class=\"box-hover\">\n                          <ul class=\"add-to-links\">\n\n                                      <li>\n                  \n                  <a title=\"Vista R\u00e1pida\" class=\"yith-wcqv-button quickview link-quickview\" data-product_id=\"115\">Vista R\u00e1pida<\/a><\/li>\n                                            \n\n                                    \n           \n              <\/ul>\n                        <\/div>\n                      <\/div>\n                    <\/div>\n                    <div class=\"item-info\">\n                      <div class=\"info-inner\">\n                        <div class=\"item-title\">\n                               <a href=\"https:\/\/regalaflores.com\/site\/producto\/tierna-juventud\/\">\n               Florero Tierna Juventud<\/a><\/div>\n\n                <div class=\"item-content\">\n                          <div class=\"rating\">\n                            <div class=\"ratings\">\n                              <div class=\"rating-box\">\n                                                       <div style=\"width:0%\" class=\"rating\"><\/div>\n\n                        <\/div>\n                        <\/div>\n                          <\/div>\n                          <div class=\"item-price\">\n                            <div class=\"price-box\">\n                                <span class=\"woocs_price_code\" data-currency=\"\" data-redraw-id=\"6a0900d187c1a\"  data-product-id=\"115\"><span class=\"woocommerce-Price-amount amount\"><bdi><span class=\"woocommerce-Price-currencySymbol\">US$<\/span>&nbsp;26.11<\/bdi><\/span><\/span>\n                         <\/div>\n                          <\/div>\n                          <div class=\"desc std\">\n                         <p class=\"p1\">Elegante florero bellamente adornado con 4 yugos de 4 rosas rosadas, 3 flores de hortensia mini color blanco, helecho, Emperico verde, varas de rusco y una hoja ancha para el envase.<\/p>\n<p class=\"p1\">Tiene un florero de vidrio cil\u00edndrico<\/p>\n                              <\/div>\n                          <div class=\"action\">\n                         <a href=\"#\" class=\"button yith-wcqv-button\" data-product_id=\"115\">Detalle<\/a>    \n           <\/div>\n                        <\/div>\n                      <\/div>\n                    <\/div>\n                  <\/div>\n                <\/li>\n\n\n\n\n                \n    \n\n<li class=\"item col-lg-3 col-md-3 col-sm-3 col-xs-3 notblog product type-product post-119 status-publish instock product_cat-agradecimiento product_cat-amistad product_cat-condolencia product_cat-florero product_cat-surtidas has-post-thumbnail sold-individually shipping-taxable purchasable product-type-simple\">\n  <div class=\"item-inner\">\n                    <div class=\"item-img\">\n                      <div class=\"item-img-info\">\n                        <div class=\"pimg\">\n                    \n            <a href=\"https:\/\/regalaflores.com\/site\/producto\/florero-blanco-sentimiento\/\" class=\"product-image\">\n              \n                               \n            <\/a>\n            \n          <\/div>\n                    <div class=\"box-hover\">\n                          <ul class=\"add-to-links\">\n\n                                      <li>\n                  \n                  <a title=\"Vista R\u00e1pida\" class=\"yith-wcqv-button quickview link-quickview\" data-product_id=\"119\">Vista R\u00e1pida<\/a><\/li>\n                                            \n\n                                    \n           \n              <\/ul>\n                        <\/div>\n                      <\/div>\n                    <\/div>\n                    <div class=\"item-info\">\n                      <div class=\"info-inner\">\n                        <div class=\"item-title\">\n                               <a href=\"https:\/\/regalaflores.com\/site\/producto\/florero-blanco-sentimiento\/\">\n               Florero Blanco Sentimiento<\/a><\/div>\n\n                <div class=\"item-content\">\n                          <div class=\"rating\">\n                            <div class=\"ratings\">\n                              <div class=\"rating-box\">\n                                                       <div style=\"width:0%\" class=\"rating\"><\/div>\n\n                        <\/div>\n                        <\/div>\n                          <\/div>\n                          <div class=\"item-price\">\n                            <div class=\"price-box\">\n                                <span class=\"woocs_price_code\" data-currency=\"\" data-redraw-id=\"6a0900d187ee1\"  data-product-id=\"119\"><span class=\"woocommerce-Price-amount amount\"><bdi><span class=\"woocommerce-Price-currencySymbol\">US$<\/span>&nbsp;33.76<\/bdi><\/span><\/span>\n                         <\/div>\n                          <\/div>\n                          <div class=\"desc std\">\n                         <p class=\"p1\">Bello y Elegante Florero con 24 rosas blancas, 3 silbidos blancos y hojas grandes con rusco. Tiene un jarr\u00f3n de vidrio cil\u00edndrico.<\/p>\n                              <\/div>\n                          <div class=\"action\">\n                         <a href=\"#\" class=\"button yith-wcqv-button\" data-product_id=\"119\">Detalle<\/a>    \n           <\/div>\n                        <\/div>\n                      <\/div>\n                    <\/div>\n                  <\/div>\n                <\/li>\n\n\n\n\n                \n    \n\n<li class=\"item col-lg-3 col-md-3 col-sm-3 col-xs-3 notblog product type-product post-124 status-publish last instock product_cat-condolencia product_cat-florero product_cat-surtidas has-post-thumbnail sold-individually shipping-taxable purchasable product-type-simple\">\n  <div class=\"item-inner\">\n                    <div class=\"item-img\">\n                      <div class=\"item-img-info\">\n                        <div class=\"pimg\">\n                    \n            <a href=\"https:\/\/regalaflores.com\/site\/producto\/florero-condolencia\/\" class=\"product-image\">\n              \n                               \n            <\/a>\n            \n          <\/div>\n                    <div class=\"box-hover\">\n                          <ul class=\"add-to-links\">\n\n                                      <li>\n                  \n                  <a title=\"Vista R\u00e1pida\" class=\"yith-wcqv-button quickview link-quickview\" data-product_id=\"124\">Vista R\u00e1pida<\/a><\/li>\n                                            \n\n                                    \n           \n              <\/ul>\n                        <\/div>\n                      <\/div>\n                    <\/div>\n                    <div class=\"item-info\">\n                      <div class=\"info-inner\">\n                        <div class=\"item-title\">\n                               <a href=\"https:\/\/regalaflores.com\/site\/producto\/florero-condolencia\/\">\n               Florero Condolencia<\/a><\/div>\n\n                <div class=\"item-content\">\n                          <div class=\"rating\">\n                            <div class=\"ratings\">\n                              <div class=\"rating-box\">\n                                                       <div style=\"width:0%\" class=\"rating\"><\/div>\n\n                        <\/div>\n                        <\/div>\n                          <\/div>\n                          <div class=\"item-price\">\n                            <div class=\"price-box\">\n                                <span class=\"woocs_price_code\" data-currency=\"\" data-redraw-id=\"6a0900d18816f\"  data-product-id=\"124\"><span class=\"woocommerce-Price-amount amount\"><bdi><span class=\"woocommerce-Price-currencySymbol\">US$<\/span>&nbsp;28.48<\/bdi><\/span><\/span>\n                         <\/div>\n                          <\/div>\n                          <div class=\"desc std\">\n                         <p class=\"p1\">Elegancia y Respeto inspiran este florero de 12 rosas blancas, 6 varas de lirio blanco, rusco y eucalipto para decorar.<\/p>\n                              <\/div>\n                          <div class=\"action\">\n                         <a href=\"#\" class=\"button yith-wcqv-button\" data-product_id=\"124\">Detalle<\/a>    \n           <\/div>\n                        <\/div>\n                      <\/div>\n                    <\/div>\n                  <\/div>\n                <\/li>\n\n\n\n\n                <\/ul>\n<\/div>\n","protected":false},"excerpt":{"rendered":"","protected":false},"author":2,"featured_media":0,"parent":0,"menu_order":0,"comment_status":"closed","ping_status":"closed","template":"","meta":{"spay_email":"","footnotes":""},"class_list":["post-1193","page","type-page","status-publish","hentry","notblog"],"_links":{"self":[{"href":"https:\/\/regalaflores.com\/site\/wp-json\/wp\/v2\/pages\/1193","targetHints":{"allow":["GET"]}}],"collection":[{"href":"https:\/\/regalaflores.com\/site\/wp-json\/wp\/v2\/pages"}],"about":[{"href":"https:\/\/regalaflores.com\/site\/wp-json\/wp\/v2\/types\/page"}],"author":[{"embeddable":true,"href":"https:\/\/regalaflores.com\/site\/wp-json\/wp\/v2\/users\/2"}],"replies":[{"embeddable":true,"href":"https:\/\/regalaflores.com\/site\/wp-json\/wp\/v2\/comments?post=1193"}],"version-history":[{"count":1,"href":"https:\/\/regalaflores.com\/site\/wp-json\/wp\/v2\/pages\/1193\/revisions"}],"predecessor-version":[{"id":1194,"href":"https:\/\/regalaflores.com\/site\/wp-json\/wp\/v2\/pages\/1193\/revisions\/1194"}],"wp:attachment":[{"href":"https:\/\/regalaflores.com\/site\/wp-json\/wp\/v2\/media?parent=1193"}],"curies":[{"name":"wp","href":"https:\/\/api.w.org\/{rel}","templated":true}]}}