{"id":1197,"date":"2020-03-11T22:47:08","date_gmt":"2020-03-12T03:47:08","guid":{"rendered":"http:\/\/regalaflores.com\/wp\/?page_id=1197"},"modified":"2020-03-11T22:47:08","modified_gmt":"2020-03-12T03:47:08","slug":"frutero","status":"publish","type":"page","link":"https:\/\/regalaflores.com\/site\/frutero\/","title":{"rendered":"Frutero"},"content":{"rendered":"\n<div class=\"woocommerce columns-4 \">    <ul class=\"products-grid products \">\n    \n\n<li class=\"item col-lg-3 col-md-3 col-sm-3 col-xs-3 notblog product type-product post-172 status-publish first instock product_cat-agradecimiento product_cat-amistad product_cat-amor product_cat-aniversario product_cat-cumpleanos product_cat-dia-de-la-madre product_cat-felicitaciones product_cat-frutero product_cat-para-ella product_cat-rosas has-post-thumbnail sold-individually shipping-taxable purchasable product-type-simple\">\n  <div class=\"item-inner\">\n                    <div class=\"item-img\">\n                      <div class=\"item-img-info\">\n                        <div class=\"pimg\">\n                    \n            <a href=\"https:\/\/regalaflores.com\/site\/producto\/canasta-frutal-rica-pasion\/\" class=\"product-image\">\n              \n                               \n            <\/a>\n            \n          <\/div>\n                    <div class=\"box-hover\">\n                          <ul class=\"add-to-links\">\n\n                                      <li>\n                  \n                  <a title=\"Vista R\u00e1pida\" class=\"yith-wcqv-button quickview link-quickview\" data-product_id=\"172\">Vista R\u00e1pida<\/a><\/li>\n                                            \n\n                                    \n           \n              <\/ul>\n                        <\/div>\n                      <\/div>\n                    <\/div>\n                    <div class=\"item-info\">\n                      <div class=\"info-inner\">\n                        <div class=\"item-title\">\n                               <a href=\"https:\/\/regalaflores.com\/site\/producto\/canasta-frutal-rica-pasion\/\">\n               Canasta  Frutal Rica Pasi\u00f3n<\/a><\/div>\n\n                <div class=\"item-content\">\n                          <div class=\"rating\">\n                            <div class=\"ratings\">\n                              <div class=\"rating-box\">\n                                                       <div style=\"width:0%\" class=\"rating\"><\/div>\n\n                        <\/div>\n                        <\/div>\n                          <\/div>\n                          <div class=\"item-price\">\n                            <div class=\"price-box\">\n                                <span class=\"woocs_price_code\" data-currency=\"\" data-redraw-id=\"6a0901b64be76\"  data-product-id=\"172\"><span class=\"woocommerce-Price-amount amount\"><bdi><span class=\"woocommerce-Price-currencySymbol\">US$<\/span>&nbsp;41.67<\/bdi><\/span><\/span>\n                         <\/div>\n                          <\/div>\n                          <div class=\"desc std\">\n                         <p class=\"p1\">Linda combinaci\u00f3n de 12 rosas y frutas frescas: uvas chilenas,<span class=\"Apple-converted-space\">\u00a0 <\/span>manzanas rojas, manzanas verdes, peras, granadillas, durazno y kiwi. Tiene una canasta mediana.<\/p>\n                              <\/div>\n                          <div class=\"action\">\n                         <a href=\"#\" class=\"button yith-wcqv-button\" data-product_id=\"172\">Detalle<\/a>    \n           <\/div>\n                        <\/div>\n                      <\/div>\n                    <\/div>\n                  <\/div>\n                <\/li>\n\n\n\n\n                \n    \n\n<li class=\"item col-lg-3 col-md-3 col-sm-3 col-xs-3 notblog product type-product post-171 status-publish instock product_cat-agradecimiento product_cat-amistad product_cat-aniversario product_cat-cumpleanos product_cat-dia-de-la-madre product_cat-felicitaciones product_cat-frutero product_cat-para-el product_cat-para-ella product_cat-surtidas has-post-thumbnail sold-individually shipping-taxable purchasable product-type-simple\">\n  <div class=\"item-inner\">\n                    <div class=\"item-img\">\n                      <div class=\"item-img-info\">\n                        <div class=\"pimg\">\n                    \n            <a href=\"https:\/\/regalaflores.com\/site\/producto\/canasta-frutal-boca-de-dragon\/\" class=\"product-image\">\n              \n                               \n            <\/a>\n            \n          <\/div>\n                    <div class=\"box-hover\">\n                          <ul class=\"add-to-links\">\n\n                                      <li>\n                  \n                  <a title=\"Vista R\u00e1pida\" class=\"yith-wcqv-button quickview link-quickview\" data-product_id=\"171\">Vista R\u00e1pida<\/a><\/li>\n                                            \n\n                                    \n           \n              <\/ul>\n                        <\/div>\n                      <\/div>\n                    <\/div>\n                    <div class=\"item-info\">\n                      <div class=\"info-inner\">\n                        <div class=\"item-title\">\n                               <a href=\"https:\/\/regalaflores.com\/site\/producto\/canasta-frutal-boca-de-dragon\/\">\n               Canasta Frutal  Boca de Drag\u00f3n<\/a><\/div>\n\n                <div class=\"item-content\">\n                          <div class=\"rating\">\n                            <div class=\"ratings\">\n                              <div class=\"rating-box\">\n                                                       <div style=\"width:0%\" class=\"rating\"><\/div>\n\n                        <\/div>\n                        <\/div>\n                          <\/div>\n                          <div class=\"item-price\">\n                            <div class=\"price-box\">\n                                <span class=\"woocs_price_code\" data-currency=\"\" data-redraw-id=\"6a0901b64c3fa\"  data-product-id=\"171\"><span class=\"woocommerce-Price-amount amount\"><bdi><span class=\"woocommerce-Price-currencySymbol\">US$<\/span>&nbsp;44.31<\/bdi><\/span><\/span>\n                         <\/div>\n                          <\/div>\n                          <div class=\"desc std\">\n                         <p class=\"p1\">Elegante Mezcla de boca de dragon, 8 gerberas color fucsia, 3 lirios blancos, rusco y frutas frescas: uvas chilenas,<span class=\"Apple-converted-space\">\u00a0 <\/span>manzanas rojas, manzanas verdes, peras, granadillas, durazno y kiwi. Tiene una canasta ovalada.<\/p>\n                              <\/div>\n                          <div class=\"action\">\n                         <a href=\"#\" class=\"button yith-wcqv-button\" data-product_id=\"171\">Detalle<\/a>    \n           <\/div>\n                        <\/div>\n                      <\/div>\n                    <\/div>\n                  <\/div>\n                <\/li>\n\n\n\n\n                \n    \n\n<li class=\"item col-lg-3 col-md-3 col-sm-3 col-xs-3 notblog product type-product post-157 status-publish instock product_cat-amor product_cat-aniversario product_cat-cumpleanos product_cat-dia-de-la-madre product_cat-exoticas product_cat-flores product_cat-frutero product_cat-para-ella has-post-thumbnail sold-individually shipping-taxable purchasable product-type-simple\">\n  <div class=\"item-inner\">\n                    <div class=\"item-img\">\n                      <div class=\"item-img-info\">\n                        <div class=\"pimg\">\n                    \n            <a href=\"https:\/\/regalaflores.com\/site\/producto\/canasta-frutal-aves-de-paraiso\/\" class=\"product-image\">\n              \n                               \n            <\/a>\n            \n          <\/div>\n                    <div class=\"box-hover\">\n                          <ul class=\"add-to-links\">\n\n                                      <li>\n                  \n                  <a title=\"Vista R\u00e1pida\" class=\"yith-wcqv-button quickview link-quickview\" data-product_id=\"157\">Vista R\u00e1pida<\/a><\/li>\n                                            \n\n                                    \n           \n              <\/ul>\n                        <\/div>\n                      <\/div>\n                    <\/div>\n                    <div class=\"item-info\">\n                      <div class=\"info-inner\">\n                        <div class=\"item-title\">\n                               <a href=\"https:\/\/regalaflores.com\/site\/producto\/canasta-frutal-aves-de-paraiso\/\">\n               Canasta Frutal Ave de Para\u00edso<\/a><\/div>\n\n                <div class=\"item-content\">\n                          <div class=\"rating\">\n                            <div class=\"ratings\">\n                              <div class=\"rating-box\">\n                                                       <div style=\"width:0%\" class=\"rating\"><\/div>\n\n                        <\/div>\n                        <\/div>\n                          <\/div>\n                          <div class=\"item-price\">\n                            <div class=\"price-box\">\n                                <span class=\"woocs_price_code\" data-currency=\"\" data-redraw-id=\"6a0901b64c769\"  data-product-id=\"157\"><span class=\"woocommerce-Price-amount amount\"><bdi><span class=\"woocommerce-Price-currencySymbol\">US$<\/span>&nbsp;44.31<\/bdi><\/span><\/span>\n                         <\/div>\n                          <\/div>\n                          <div class=\"desc std\">\n                         <p class=\"p1\">Ex\u00f3tica combinacion de aves de para\u00edso, helecho, solidago y deliciosas frutas frescas como pi\u00f1a, uvas chilenas,<span class=\"Apple-converted-space\">\u00a0 <\/span>manzanas rojas, manzanas verdes, pera, granadillas y durazno. Tiene una canasta cuadrada.<\/p>\n                              <\/div>\n                          <div class=\"action\">\n                         <a href=\"#\" class=\"button yith-wcqv-button\" data-product_id=\"157\">Detalle<\/a>    \n           <\/div>\n                        <\/div>\n                      <\/div>\n                    <\/div>\n                  <\/div>\n                <\/li>\n\n\n\n\n                \n    \n\n<li class=\"item col-lg-3 col-md-3 col-sm-3 col-xs-3 notblog product type-product post-170 status-publish last instock product_cat-agradecimiento product_cat-amistad product_cat-amor product_cat-aniversario product_cat-cumpleanos product_cat-dia-de-la-madre product_cat-felicitaciones product_cat-frutero product_cat-para-ella product_cat-surtidas has-post-thumbnail sold-individually shipping-taxable purchasable product-type-simple\">\n  <div class=\"item-inner\">\n                    <div class=\"item-img\">\n                      <div class=\"item-img-info\">\n                        <div class=\"pimg\">\n                    \n            <a href=\"https:\/\/regalaflores.com\/site\/producto\/canasta-frutal-gerberas\/\" class=\"product-image\">\n              \n                               \n            <\/a>\n            \n          <\/div>\n                    <div class=\"box-hover\">\n                          <ul class=\"add-to-links\">\n\n                                      <li>\n                  \n                  <a title=\"Vista R\u00e1pida\" class=\"yith-wcqv-button quickview link-quickview\" data-product_id=\"170\">Vista R\u00e1pida<\/a><\/li>\n                                            \n\n                                    \n           \n              <\/ul>\n                        <\/div>\n                      <\/div>\n                    <\/div>\n                    <div class=\"item-info\">\n                      <div class=\"info-inner\">\n                        <div class=\"item-title\">\n                               <a href=\"https:\/\/regalaflores.com\/site\/producto\/canasta-frutal-gerberas\/\">\n               Canasta Frutal G\u00e9rberas<\/a><\/div>\n\n                <div class=\"item-content\">\n                          <div class=\"rating\">\n                            <div class=\"ratings\">\n                              <div class=\"rating-box\">\n                                                       <div style=\"width:0%\" class=\"rating\"><\/div>\n\n                        <\/div>\n                        <\/div>\n                          <\/div>\n                          <div class=\"item-price\">\n                            <div class=\"price-box\">\n                                <span class=\"woocs_price_code\" data-currency=\"\" data-redraw-id=\"6a0901b64caa2\"  data-product-id=\"170\"><span class=\"woocommerce-Price-amount amount\"><bdi><span class=\"woocommerce-Price-currencySymbol\">US$<\/span>&nbsp;46.95<\/bdi><\/span><\/span>\n                         <\/div>\n                          <\/div>\n                          <div class=\"desc std\">\n                         <p class=\"p1\">Bella conexi\u00f3n entre 10 rosas rojas, 4 gerberas amarillas, pinoquio verde, gypsophila, helecho y frutas frescas: uvas chilenas,<span class=\"Apple-converted-space\">\u00a0 <\/span>manzanas rojas, manzanas verdes, peras, granadillas, durazno y kiwi. Tiene una canasta de lujo semi ovalada.<\/p>\n                              <\/div>\n                          <div class=\"action\">\n                         <a href=\"#\" class=\"button yith-wcqv-button\" data-product_id=\"170\">Detalle<\/a>    \n           <\/div>\n                        <\/div>\n                      <\/div>\n                    <\/div>\n                  <\/div>\n                <\/li>\n\n\n\n\n                <\/ul>\n<\/div>\n","protected":false},"excerpt":{"rendered":"","protected":false},"author":2,"featured_media":0,"parent":0,"menu_order":0,"comment_status":"closed","ping_status":"closed","template":"","meta":{"spay_email":"","footnotes":""},"class_list":["post-1197","page","type-page","status-publish","hentry","notblog"],"_links":{"self":[{"href":"https:\/\/regalaflores.com\/site\/wp-json\/wp\/v2\/pages\/1197","targetHints":{"allow":["GET"]}}],"collection":[{"href":"https:\/\/regalaflores.com\/site\/wp-json\/wp\/v2\/pages"}],"about":[{"href":"https:\/\/regalaflores.com\/site\/wp-json\/wp\/v2\/types\/page"}],"author":[{"embeddable":true,"href":"https:\/\/regalaflores.com\/site\/wp-json\/wp\/v2\/users\/2"}],"replies":[{"embeddable":true,"href":"https:\/\/regalaflores.com\/site\/wp-json\/wp\/v2\/comments?post=1197"}],"version-history":[{"count":1,"href":"https:\/\/regalaflores.com\/site\/wp-json\/wp\/v2\/pages\/1197\/revisions"}],"predecessor-version":[{"id":1198,"href":"https:\/\/regalaflores.com\/site\/wp-json\/wp\/v2\/pages\/1197\/revisions\/1198"}],"wp:attachment":[{"href":"https:\/\/regalaflores.com\/site\/wp-json\/wp\/v2\/media?parent=1197"}],"curies":[{"name":"wp","href":"https:\/\/api.w.org\/{rel}","templated":true}]}}