{"id":3,"date":"2019-11-21T20:01:30","date_gmt":"2019-11-22T01:01:30","guid":{"rendered":"http:\/\/regalaflores.com\/wp\/?page_id=3"},"modified":"2021-10-23T15:16:51","modified_gmt":"2021-10-23T20:16:51","slug":"privacy-policy","status":"publish","type":"page","link":"https:\/\/regalaflores.com\/site\/privacy-policy\/","title":{"rendered":"Pol\u00edtica de Privacidad"},"content":{"rendered":"\n<p>Regalaflores.com reconoce y respeta la importancia de mantener la privacidad de nuestros clientes, miembros registrados, destinatarios de obsequios y usuarios.<\/p>\n\n\n\n<p>La presente establece los t\u00e9rminos de nuestra pol\u00edtica de privacidad para proteger la informaci\u00f3n que es proporcionada por sus usuarios al momento de utilizar nuestro sitio web. Cuando pedimos llenar los campos de informaci\u00f3n personal con la cual puedes ser identificado, lo hacemos asegurando que s\u00f3lo se emplear\u00e1 de acuerdo con los t\u00e9rminos de este documento. Sin embargo esta Pol\u00edtica de Privacidad podr\u00eda cambiar o ser actualizada por lo que recomendamos visitar y revisar peri\u00f3dicamente esta p\u00e1gina web para as\u00ed cerciorarte de que est\u00e1s de acuerdo.<\/p>\n\n\n\n<h2 class=\"wp-block-heading\">Informaci\u00f3n Recogida<\/h2>\n\n\n\n<p>Nosotros recibimos informaci\u00f3n autom\u00e1ticamente de su navegador web o dispositivo m\u00f3vil.<\/p>\n\n\n\n<p>Nuestro sitio web emplea la informaci\u00f3n con el fin de proporcionar el mejor servicio posible, particularmente para mantener un registro de usuarios, de pedidos y entregas, y mejorar nuestros productos y servicios. Es posible que sean enviados mensajes electr\u00f3nicos peri\u00f3dicamente a trav\u00e9s de nuestro sitio con ofertas especiales, nuevos productos y otra informaci\u00f3n publicitaria que consideremos relevante para usted o que pueda brindar alg\u00fan beneficio, estos mensajes electr\u00f3nicos ser\u00e1n enviados a la direcci\u00f3n que usted proporcione y podr\u00e1n ser cancelados en cualquier momento de forma sencilla. Trabajamos con proveedores de servicios externos, por ejemplo para preparar y entregar los pedidos. Los servicios de terceros tienen acceso a la informaci\u00f3n personal para as\u00ed poder proporcionar los servicios, pero no pueden usarla para otros fines. Se toman precauciones t\u00e9cnicas y legales para evitar el mal uso durante la transferencia de datos a terceros. Sin embargo, Regalaflores.com no ser\u00e1 responsable por infringir las pol\u00edticas de protecci\u00f3n de datos por parte de terceros.<\/p>\n\n\n\n<p>En determinadas situaciones, es posible que se nos solicite que divulguemos datos personales en respuesta a solicitudes legales de las autoridades p\u00fablicas, incluso para cumplir con los requisitos de seguridad nacional o de aplicaci\u00f3n de la ley. Nos reservamos el derecho de divulgar la informaci\u00f3n que recopilamos de usted, o que usted nos proporciona, seg\u00fan lo requiera la ley, en respuesta a procesos legales y solicitudes de cumplimiento de la ley, cuando creemos, de buena fe, que la divulgaci\u00f3n es necesaria para proteger nuestros derechos. , proteger su seguridad o la seguridad de los dem\u00e1s, investigar el fraude, responder a una solicitud del gobierno y proteger los derechos o la propiedad de la Compa\u00f1\u00eda, sus Afiliados, usuarios, clientes, destinatarios, Miembros, Patrocinadores, Proveedores, Licenciantes, Comerciantes y Asociados.<\/p>\n\n\n\n<p>Algunas partes del Servicio (como el registro de miembros y la libreta de direcciones) pueden requerir procesos de registro e inicio de sesi\u00f3n en los que seleccionar\u00e1 una identificaci\u00f3n de usuario y una contrase\u00f1a (en conjunto, la &#8220;Contrase\u00f1a&#8221;). Las contrase\u00f1as que le proporcionamos son propiedad confidencial de la Compa\u00f1\u00eda y usted puede usarlas \u00fanicamente para su uso individual del Servicio (y de otro modo seg\u00fan lo especificado por nosotros). Usted es responsable de mantener la confidencialidad de cualquier Contrase\u00f1a y de todas las actividades que ocurran usando su Contrase\u00f1a, ya sea que usted lo autorice o no. Usted acepta notificarnos de inmediato sobre cualquier uso no autorizado de su contrase\u00f1a o cuentas.<\/p>\n\n\n\n<h2 class=\"wp-block-heading\">Tiempo en que Conservamos Su Informaci\u00f3n Personal<\/h2>\n\n\n\n<p>Podemos retener su informaci\u00f3n de acuerdo con nuestras pol\u00edticas de retenci\u00f3n de datos y mientras su cuenta est\u00e9 activa o seg\u00fan sea necesario para brindarle servicios, cumplir con nuestras obligaciones legales, resolver disputas y hacer cumplir nuestros acuerdos, o hasta que nos solicite que dejemos de usar eso. Sin embargo, podemos conservar parte de su informaci\u00f3n personal para asegurarnos de que cumplimos con su solicitud de no usar su informaci\u00f3n personal o cumplir con su derecho a borrar. Por ejemplo, debemos conservar su solicitud para que se borre, incluso si incluye sus datos personales, hasta que deje de ser nuestro cliente.<\/p>\n\n\n\n<p>La seguridad de su informaci\u00f3n personal es importante para nosotros. Si tiene alguna pregunta sobre la seguridad de su informaci\u00f3n personal, puede contactarnos en <a href=\"mailto:soporte@regalaflores.com\">soporte@regalaflores.com<\/a><\/p>\n\n\n\n<h2 class=\"wp-block-heading\">Sus Derechos de Privacidad<\/h2>\n\n\n\n<p>Regalaflores.com respeta su control sobre su informaci\u00f3n y, si lo solicita, confirmaremos si tenemos o estamos procesando la informaci\u00f3n que hemos recopilado de usted. Tambi\u00e9n tiene derecho a enmendar o actualizar informaci\u00f3n personal inexacta o incompleta (incluido el derecho a obtener una copia de la informaci\u00f3n corregida), solicitar la eliminaci\u00f3n de su informaci\u00f3n personal o solicitar que no la usemos m\u00e1s. Si desea actualizar o corregir la informaci\u00f3n que nos proporcion\u00f3 anteriormente, comun\u00edquese con nosotros como se indica a continuaci\u00f3n en la secci\u00f3n &#8220;Cont\u00e1ctenos&#8221;. Si lo solicita por escrito, le proporcionaremos informaci\u00f3n sobre si tenemos algo de su informaci\u00f3n personal y confirmaremos que los datos se han corregido o eliminado. Responderemos a su solicitud dentro del plazo asignado y le notificaremos si es necesaria una extensi\u00f3n.<\/p>\n\n\n\n<p>Los miembros pueden acceder directamente, modificar y actualizar su informaci\u00f3n de membres\u00eda (incluido el nombre, la direcci\u00f3n postal, la fecha de nacimiento, el n\u00famero de tel\u00e9fono y la direcci\u00f3n de correo electr\u00f3nico) accediendo a la p\u00e1gina &#8220;Actualizar membres\u00eda&#8221; protegida por contrase\u00f1a.<\/p>\n\n\n\n<h2 class=\"wp-block-heading\">\u00bfQu\u00e9 pasa si elijo no darle mi informaci\u00f3n personal?<\/h2>\n\n\n\n<p>No est\u00e1 obligado a proporcionarnos su informaci\u00f3n personal. Sin embargo, si la informaci\u00f3n personal es necesaria para suministrarle bienes o servicios en virtud de un contrato o un pedido entre usted y la Compa\u00f1\u00eda y no nos proporciona su informaci\u00f3n personal, entonces no podremos celebrar ese contrato ni cumplir con ese pedido de bienes o servicios.<\/p>\n\n\n\n<h2 class=\"wp-block-heading\">Uso de las Cookies<\/h2>\n\n\n\n<p>Una cookie se refiere a un fichero que es enviado con la finalidad de solicitar permiso para almacenarse en su ordenador, al aceptar dicho fichero se crea y la cookie sirve entonces para tener informaci\u00f3n respecto al tr\u00e1fico web, y tambi\u00e9n facilita las futuras visitas a una web recurrente. Otra funci\u00f3n que tienen las cookies es que con ellas las web pueden reconocerte individualmente y por tanto brindarte el mejor servicio personalizado.<\/p>\n\n\n\n<p>Nuestro sitio web podr\u00e1 emplear las cookies para identificar las p\u00e1ginas que son visitadas y su frecuencia. Esta informaci\u00f3n es empleada \u00fanicamente para an\u00e1lisis estad\u00edstico y despu\u00e9s la informaci\u00f3n se elimina de forma permanente. Usted puede eliminar las cookies en cualquier momento desde su ordenador. Sin embargo las cookies ayudan a proporcionar un mejor servicio de los sitios web, est\u00e1s no dan acceso a informaci\u00f3n de su ordenador ni de usted, a menos de que usted as\u00ed lo quiera y la proporcione directamente. Usted puede aceptar o negar el uso de cookies, sin embargo es necesario tener habilitadas las cookies en algunas secciones de nuestro sitio para poder efectuar algunas funciones para trabajar y procesar tu entrega floral, la mayor\u00eda de navegadores aceptan cookies autom\u00e1ticamente pues sirve para tener un mejor servicio web.<\/p>\n\n\n\n<p>Tambi\u00e9n usted puede cambiar la configuraci\u00f3n de su ordenador para declinar las cookies. Si se declinan es posible que no puedas utilizar algunos de nuestros servicios.<\/p>\n\n\n\n<h2 class=\"wp-block-heading\">Chat del Sitio Web<\/h2>\n\n\n\n<p>Cuando usted utiliza este software de chat, nosotros podremos recopilar parte o la totalidad de la siguiente informaci\u00f3n: su direcci\u00f3n de correo electr\u00f3nico, nombre, apellido, ubicaci\u00f3n y cualquier otra informaci\u00f3n que voluntariamente elija proporcionarnos. Usted debe limitar la informaci\u00f3n que nos proporciona y solo sea necesaria para responder sus preguntas.<\/p>\n\n\n\n<h2 class=\"wp-block-heading\">Cambios a este Aviso de Privacidad<\/h2>\n\n\n\n<p>Regalaflores.com puede cambiar este Aviso de Privacidad de vez en cuando en el futuro. Cualquier cambio se publicar\u00e1 aqu\u00ed y reflejar\u00e1 la fecha de dichos cambios en la primera p\u00e1gina de este Aviso de privacidad. Le recomendamos que consulte con frecuencia para ver actualizaciones o cambios.<\/p>\n\n\n\n<p>AL USAR EL SITIO WEB Y EL SERVICIO, DESPU\u00c9S DE QUE DICHOS CAMBIOS ENTREN EN VIGENCIA, USTED ACEPTA ESTAR LEGALMENTE OBLIGADO Y CUMPLIR CON EL AVISO DE PRIVACIDAD Y LOS T\u00c9RMINOS DE USO REVISADOS, DE LOS CUALES ESTE AVISO ES PARTE.<\/p>\n\n\n\n<p><\/p>\n","protected":false},"excerpt":{"rendered":"<p>Regalaflores.com reconoce y respeta la importancia de mantener la privacidad de nuestros clientes, miembros registrados, destinatarios de obsequios y usuarios. La presente establece los t\u00e9rminos de nuestra pol\u00edtica de privacidad para proteger la informaci\u00f3n que es proporcionada por sus usuarios al momento de utilizar nuestro sitio web. Cuando pedimos llenar los campos de informaci\u00f3n personal [&hellip;]<\/p>\n","protected":false},"author":1,"featured_media":0,"parent":0,"menu_order":0,"comment_status":"closed","ping_status":"closed","template":"homepage.php","meta":{"spay_email":"","footnotes":""},"class_list":["post-3","page","type-page","status-publish","hentry","notblog"],"_links":{"self":[{"href":"https:\/\/regalaflores.com\/site\/wp-json\/wp\/v2\/pages\/3","targetHints":{"allow":["GET"]}}],"collection":[{"href":"https:\/\/regalaflores.com\/site\/wp-json\/wp\/v2\/pages"}],"about":[{"href":"https:\/\/regalaflores.com\/site\/wp-json\/wp\/v2\/types\/page"}],"author":[{"embeddable":true,"href":"https:\/\/regalaflores.com\/site\/wp-json\/wp\/v2\/users\/1"}],"replies":[{"embeddable":true,"href":"https:\/\/regalaflores.com\/site\/wp-json\/wp\/v2\/comments?post=3"}],"version-history":[{"count":6,"href":"https:\/\/regalaflores.com\/site\/wp-json\/wp\/v2\/pages\/3\/revisions"}],"predecessor-version":[{"id":1722,"href":"https:\/\/regalaflores.com\/site\/wp-json\/wp\/v2\/pages\/3\/revisions\/1722"}],"wp:attachment":[{"href":"https:\/\/regalaflores.com\/site\/wp-json\/wp\/v2\/media?parent=3"}],"curies":[{"name":"wp","href":"https:\/\/api.w.org\/{rel}","templated":true}]}}