{"id":101,"date":"2020-02-10T19:08:06","date_gmt":"2020-02-11T00:08:06","guid":{"rendered":"http:\/\/regalaflores.com\/wp\/?post_type=product&#038;p=101"},"modified":"2021-10-14T19:20:30","modified_gmt":"2021-10-15T00:20:30","slug":"24-rosas-naranja","status":"publish","type":"product","link":"https:\/\/regalaflores.com\/site\/producto\/24-rosas-naranja\/","title":{"rendered":"24 Rosas"},"content":{"rendered":"<p class=\"p1\">Se utiliza aproximadamente: 24 rosas y 2 o 3 paquetes de rusco.Tiene una base cuadrada de madera 14 x 14 para medio oasis h\u00famedo y forrado en papel celof\u00e1n para proteger la caja. Mide aproximadamente 40 cm de alto.Empezar a elaborar desde el centro hac\u00eda afuera y decorar con rusco para tapar la base de oasis.<\/p>\n","protected":false},"excerpt":{"rendered":"<p class=\"p1\">Arreglo de 24 Rosas Naranja o del color seleccionado, follaje en rusco y base de madera.<\/p>\n<p class=\"p1\">PA8<\/p>\n","protected":false},"featured_media":77,"template":"","meta":{"spay_email":"","jetpack_publicize_message":"","jetpack_is_tweetstorm":false,"jetpack_publicize_feature_enabled":true},"product_cat":[52,81,35,43,47,33,44,46,17],"product_tag":[],"class_list":["post-101","product","type-product","status-publish","has-post-thumbnail","hentry","product_cat-arreglo","product_cat-flores","product_cat-amistad","product_cat-amor","product_cat-aniversario","product_cat-cumpleanos","product_cat-dia-de-la-madre","product_cat-para-ella","product_cat-rosas","notblog","rtwpvs-product"],"_links":{"self":[{"href":"https:\/\/regalaflores.com\/site\/wp-json\/wp\/v2\/product\/101","targetHints":{"allow":["GET"]}}],"collection":[{"href":"https:\/\/regalaflores.com\/site\/wp-json\/wp\/v2\/product"}],"about":[{"href":"https:\/\/regalaflores.com\/site\/wp-json\/wp\/v2\/types\/product"}],"wp:featuredmedia":[{"embeddable":true,"href":"https:\/\/regalaflores.com\/site\/wp-json\/wp\/v2\/media\/77"}],"wp:attachment":[{"href":"https:\/\/regalaflores.com\/site\/wp-json\/wp\/v2\/media?parent=101"}],"wp:term":[{"taxonomy":"product_cat","embeddable":true,"href":"https:\/\/regalaflores.com\/site\/wp-json\/wp\/v2\/product_cat?post=101"},{"taxonomy":"product_tag","embeddable":true,"href":"https:\/\/regalaflores.com\/site\/wp-json\/wp\/v2\/product_tag?post=101"}],"curies":[{"name":"wp","href":"https:\/\/api.w.org\/{rel}","templated":true}]}}