{"id":157,"date":"2020-02-12T12:27:58","date_gmt":"2020-02-12T17:27:58","guid":{"rendered":"http:\/\/regalaflores.com\/wp\/?post_type=product&#038;p=157"},"modified":"2021-11-03T22:14:19","modified_gmt":"2021-11-04T03:14:19","slug":"canasta-frutal-aves-de-paraiso","status":"publish","type":"product","link":"https:\/\/regalaflores.com\/site\/producto\/canasta-frutal-aves-de-paraiso\/","title":{"rendered":"Canasta Frutal Ave de Para\u00edso"},"content":{"rendered":"<p class=\"p1\">Se utiliza aproximadamente: 12 aves de para\u00edso, decorado con helecho y solidago. Una pi\u00f1a, libra y media de uvas chilenas moradas brillantes, 2 manzanas roas, 2 manzanas verdes, 1 pera, 3 granadillas, 1 durazno.Tiene una canasta cuadrada de 30 x 30 cm y un oasis doble h\u00famedo forrado de celof\u00e1n para proteger la caja. Elaborar de acuerdo a la imagen. <span class=\"Apple-converted-space\">\u00a0<\/span><\/p>\n","protected":false},"excerpt":{"rendered":"<p class=\"p1\">Ex\u00f3tica combinacion de aves de para\u00edso, helecho, solidago y deliciosas frutas frescas como pi\u00f1a, uvas chilenas,<span class=\"Apple-converted-space\">\u00a0 <\/span>manzanas rojas, manzanas verdes, pera, granadillas y durazno. Tiene una canasta cuadrada.<\/p>\n","protected":false},"featured_media":174,"template":"","meta":{"spay_email":"","jetpack_publicize_message":"","jetpack_is_tweetstorm":false,"jetpack_publicize_feature_enabled":true},"product_cat":[56,81,43,47,33,44,46,16],"product_tag":[],"class_list":["post-157","product","type-product","status-publish","has-post-thumbnail","hentry","product_cat-frutero","product_cat-flores","product_cat-amor","product_cat-aniversario","product_cat-cumpleanos","product_cat-dia-de-la-madre","product_cat-para-ella","product_cat-exoticas","notblog"],"_links":{"self":[{"href":"https:\/\/regalaflores.com\/site\/wp-json\/wp\/v2\/product\/157","targetHints":{"allow":["GET"]}}],"collection":[{"href":"https:\/\/regalaflores.com\/site\/wp-json\/wp\/v2\/product"}],"about":[{"href":"https:\/\/regalaflores.com\/site\/wp-json\/wp\/v2\/types\/product"}],"wp:featuredmedia":[{"embeddable":true,"href":"https:\/\/regalaflores.com\/site\/wp-json\/wp\/v2\/media\/174"}],"wp:attachment":[{"href":"https:\/\/regalaflores.com\/site\/wp-json\/wp\/v2\/media?parent=157"}],"wp:term":[{"taxonomy":"product_cat","embeddable":true,"href":"https:\/\/regalaflores.com\/site\/wp-json\/wp\/v2\/product_cat?post=157"},{"taxonomy":"product_tag","embeddable":true,"href":"https:\/\/regalaflores.com\/site\/wp-json\/wp\/v2\/product_tag?post=157"}],"curies":[{"name":"wp","href":"https:\/\/api.w.org\/{rel}","templated":true}]}}