{"id":211,"date":"2020-02-13T14:04:02","date_gmt":"2020-02-13T19:04:02","guid":{"rendered":"http:\/\/regalaflores.com\/wp\/?post_type=product&#038;p=211"},"modified":"2021-10-14T18:55:46","modified_gmt":"2021-10-14T23:55:46","slug":"corazon-alegre","status":"publish","type":"product","link":"https:\/\/regalaflores.com\/site\/producto\/corazon-alegre\/","title":{"rendered":"Corazon Alegre"},"content":{"rendered":"<p class=\"p1\">Se utiliza aproximadamente: 14 rosas rojas en forma de coraz\u00f3n, 1 yugo de 6 rosas rosadas junto con rusco y eucalitas (eucalipto) amarrado con una cinta roja de sat\u00edn. Rusco y Gypsophila blanca para decorar base.Tiene una base de madera de 30 x 25 cm con una l\u00e1mina de oasis h\u00famedo y forrado en papel celof\u00e1n para proteger la caja.Elaborar de acuerdo a la imagen.<span class=\"Apple-converted-space\">\u00a0<\/span><\/p>\n","protected":false},"excerpt":{"rendered":"<p class=\"p1\">Arreglo de 14 rosas rojas en forma de coraz\u00f3n, 1 yugo de 6 rosas rosadas junto con rusco, eucalipto y gypsophila<span class=\"Apple-converted-space\">\u00a0 <\/span>para decorar. Tiene una base de madera.<\/p>\n","protected":false},"featured_media":187,"template":"","meta":{"spay_email":"","jetpack_publicize_message":"","jetpack_is_tweetstorm":false,"jetpack_publicize_feature_enabled":true},"product_cat":[52,43,47,33,46,17],"product_tag":[],"class_list":["post-211","product","type-product","status-publish","has-post-thumbnail","hentry","product_cat-arreglo","product_cat-amor","product_cat-aniversario","product_cat-cumpleanos","product_cat-para-ella","product_cat-rosas","notblog"],"_links":{"self":[{"href":"https:\/\/regalaflores.com\/site\/wp-json\/wp\/v2\/product\/211","targetHints":{"allow":["GET"]}}],"collection":[{"href":"https:\/\/regalaflores.com\/site\/wp-json\/wp\/v2\/product"}],"about":[{"href":"https:\/\/regalaflores.com\/site\/wp-json\/wp\/v2\/types\/product"}],"wp:featuredmedia":[{"embeddable":true,"href":"https:\/\/regalaflores.com\/site\/wp-json\/wp\/v2\/media\/187"}],"wp:attachment":[{"href":"https:\/\/regalaflores.com\/site\/wp-json\/wp\/v2\/media?parent=211"}],"wp:term":[{"taxonomy":"product_cat","embeddable":true,"href":"https:\/\/regalaflores.com\/site\/wp-json\/wp\/v2\/product_cat?post=211"},{"taxonomy":"product_tag","embeddable":true,"href":"https:\/\/regalaflores.com\/site\/wp-json\/wp\/v2\/product_tag?post=211"}],"curies":[{"name":"wp","href":"https:\/\/api.w.org\/{rel}","templated":true}]}}