{"id":253,"date":"2020-02-18T11:51:24","date_gmt":"2020-02-18T16:51:24","guid":{"rendered":"http:\/\/regalaflores.com\/wp\/?post_type=product&#038;p=253"},"modified":"2021-10-14T18:50:54","modified_gmt":"2021-10-14T23:50:54","slug":"belleza-tropical","status":"publish","type":"product","link":"https:\/\/regalaflores.com\/site\/producto\/belleza-tropical\/","title":{"rendered":"Belleza Tropical"},"content":{"rendered":"<p class=\"p1\">Se utiliza aproximadamente: 3 rosas amarillas, 3 aves de para\u00edso en la parte superior, 6 anturios rojos, 2 ginger en la parte superior, 1 girasol en el centro, 3 flores de emperico y hoja junto con canci\u00f3n de la india, rusco y helecho para decorar.Tiene una base de vidrio cuadrado de 15 x 15 cm decorado con oasis h\u00famedo y una hoja verdeElaborar de acuerdo a la imagen.<\/p>\n","protected":false},"excerpt":{"rendered":"<p class=\"p1\">Cobinaci\u00f3n de flores ex\u00f3ticas: rosas amarillas, aves de para\u00edso, anturios rojos, ginger, girasol, emperico, canci\u00f3n de la india, rusco y helecho. Tiene una base de vidrio cuadrado.<\/p>\n","protected":false},"featured_media":254,"template":"","meta":{"spay_email":"","jetpack_publicize_message":"","jetpack_is_tweetstorm":false,"jetpack_publicize_feature_enabled":true},"product_cat":[53,81,40,35,43,47,33,44,36,46,16],"product_tag":[],"class_list":["post-253","product","type-product","status-publish","has-post-thumbnail","hentry","product_cat-florero","product_cat-flores","product_cat-agradecimiento","product_cat-amistad","product_cat-amor","product_cat-aniversario","product_cat-cumpleanos","product_cat-dia-de-la-madre","product_cat-felicitaciones","product_cat-para-ella","product_cat-exoticas","notblog"],"_links":{"self":[{"href":"https:\/\/regalaflores.com\/site\/wp-json\/wp\/v2\/product\/253","targetHints":{"allow":["GET"]}}],"collection":[{"href":"https:\/\/regalaflores.com\/site\/wp-json\/wp\/v2\/product"}],"about":[{"href":"https:\/\/regalaflores.com\/site\/wp-json\/wp\/v2\/types\/product"}],"wp:featuredmedia":[{"embeddable":true,"href":"https:\/\/regalaflores.com\/site\/wp-json\/wp\/v2\/media\/254"}],"wp:attachment":[{"href":"https:\/\/regalaflores.com\/site\/wp-json\/wp\/v2\/media?parent=253"}],"wp:term":[{"taxonomy":"product_cat","embeddable":true,"href":"https:\/\/regalaflores.com\/site\/wp-json\/wp\/v2\/product_cat?post=253"},{"taxonomy":"product_tag","embeddable":true,"href":"https:\/\/regalaflores.com\/site\/wp-json\/wp\/v2\/product_tag?post=253"}],"curies":[{"name":"wp","href":"https:\/\/api.w.org\/{rel}","templated":true}]}}