{"id":307,"date":"2020-02-19T13:38:18","date_gmt":"2020-02-19T18:38:18","guid":{"rendered":"http:\/\/regalaflores.com\/wp\/?post_type=product&#038;p=307"},"modified":"2021-10-11T21:54:44","modified_gmt":"2021-10-12T02:54:44","slug":"funebre-rosas-y-anturios","status":"publish","type":"product","link":"https:\/\/regalaflores.com\/site\/producto\/funebre-rosas-y-anturios\/","title":{"rendered":"F\u00fanebre Rosas y Anturios"},"content":{"rendered":"","protected":false},"excerpt":{"rendered":"<p class=\"p1\">Arreglo funebre con rosas blancas, 10 anturios rojos, alelies blancas, canci\u00f3n de la india, y helecho. tiene base pl\u00e1stica ovalada y se exhibe en atril de bamb\u00fa.<\/p>\n","protected":false},"featured_media":291,"template":"","meta":{"spay_email":"","jetpack_publicize_message":"","jetpack_is_tweetstorm":false,"jetpack_publicize_feature_enabled":true},"product_cat":[55,41],"product_tag":[],"class_list":["post-307","product","type-product","status-publish","has-post-thumbnail","hentry","product_cat-funebre","product_cat-condolencia","notblog"],"_links":{"self":[{"href":"https:\/\/regalaflores.com\/site\/wp-json\/wp\/v2\/product\/307","targetHints":{"allow":["GET"]}}],"collection":[{"href":"https:\/\/regalaflores.com\/site\/wp-json\/wp\/v2\/product"}],"about":[{"href":"https:\/\/regalaflores.com\/site\/wp-json\/wp\/v2\/types\/product"}],"wp:featuredmedia":[{"embeddable":true,"href":"https:\/\/regalaflores.com\/site\/wp-json\/wp\/v2\/media\/291"}],"wp:attachment":[{"href":"https:\/\/regalaflores.com\/site\/wp-json\/wp\/v2\/media?parent=307"}],"wp:term":[{"taxonomy":"product_cat","embeddable":true,"href":"https:\/\/regalaflores.com\/site\/wp-json\/wp\/v2\/product_cat?post=307"},{"taxonomy":"product_tag","embeddable":true,"href":"https:\/\/regalaflores.com\/site\/wp-json\/wp\/v2\/product_tag?post=307"}],"curies":[{"name":"wp","href":"https:\/\/api.w.org\/{rel}","templated":true}]}}