{"id":308,"date":"2020-02-19T13:40:48","date_gmt":"2020-02-19T18:40:48","guid":{"rendered":"http:\/\/regalaflores.com\/wp\/?post_type=product&#038;p=308"},"modified":"2021-10-11T21:54:05","modified_gmt":"2021-10-12T02:54:05","slug":"corona-pompon-y-lirios-blancos","status":"publish","type":"product","link":"https:\/\/regalaflores.com\/site\/producto\/corona-pompon-y-lirios-blancos\/","title":{"rendered":"Corona Pomp\u00f3n y Lirios Blancos"},"content":{"rendered":"","protected":false},"excerpt":{"rendered":"<p class=\"p1\">Corona F\u00fanebre con pomp\u00f3n blanco, lirios blancos, rosas blancas y helecho. Corona de icopor. Se exhibe en atril de Bamb\u00fa.<\/p>\n","protected":false},"featured_media":288,"template":"","meta":{"spay_email":"","jetpack_publicize_message":"","jetpack_is_tweetstorm":false,"jetpack_publicize_feature_enabled":true},"product_cat":[55,41],"product_tag":[],"class_list":["post-308","product","type-product","status-publish","has-post-thumbnail","hentry","product_cat-funebre","product_cat-condolencia","notblog"],"_links":{"self":[{"href":"https:\/\/regalaflores.com\/site\/wp-json\/wp\/v2\/product\/308","targetHints":{"allow":["GET"]}}],"collection":[{"href":"https:\/\/regalaflores.com\/site\/wp-json\/wp\/v2\/product"}],"about":[{"href":"https:\/\/regalaflores.com\/site\/wp-json\/wp\/v2\/types\/product"}],"wp:featuredmedia":[{"embeddable":true,"href":"https:\/\/regalaflores.com\/site\/wp-json\/wp\/v2\/media\/288"}],"wp:attachment":[{"href":"https:\/\/regalaflores.com\/site\/wp-json\/wp\/v2\/media?parent=308"}],"wp:term":[{"taxonomy":"product_cat","embeddable":true,"href":"https:\/\/regalaflores.com\/site\/wp-json\/wp\/v2\/product_cat?post=308"},{"taxonomy":"product_tag","embeddable":true,"href":"https:\/\/regalaflores.com\/site\/wp-json\/wp\/v2\/product_tag?post=308"}],"curies":[{"name":"wp","href":"https:\/\/api.w.org\/{rel}","templated":true}]}}