{"id":309,"date":"2020-02-19T13:46:56","date_gmt":"2020-02-19T18:46:56","guid":{"rendered":"http:\/\/regalaflores.com\/wp\/?post_type=product&#038;p=309"},"modified":"2021-10-14T18:38:44","modified_gmt":"2021-10-14T23:38:44","slug":"corona-pompon-y-lirios-rosados","status":"publish","type":"product","link":"https:\/\/regalaflores.com\/site\/producto\/corona-pompon-y-lirios-rosados\/","title":{"rendered":"Corona pomp\u00f3n y Lirios Rosados"},"content":{"rendered":"<p class=\"p1\">Se utiliza aproximadamente: 8 paquetes de pomp\u00f3n blanco, 4 lirios rosados perfumados, 12 rosas blancas, 5 paquetes de helecho fino. Helecho para decorar.Corona aro carreta. Se exhibe en atril de BambuMide aproximadamente 1 metro de alto.Elaborar de acuerdo a la imagen.<\/p>\n","protected":false},"excerpt":{"rendered":"<p class=\"p1\">Corona F\u00fanebre con pomp\u00f3n blanco, lirios rosados perfumados, rosas blancas y helecho. Corona de icopor. Se exhibe en atril de Bamb\u00fa.<\/p>\n","protected":false},"featured_media":285,"template":"","meta":{"spay_email":"","jetpack_publicize_message":"","jetpack_is_tweetstorm":false,"jetpack_publicize_feature_enabled":true},"product_cat":[55,41],"product_tag":[],"class_list":["post-309","product","type-product","status-publish","has-post-thumbnail","hentry","product_cat-funebre","product_cat-condolencia","notblog"],"_links":{"self":[{"href":"https:\/\/regalaflores.com\/site\/wp-json\/wp\/v2\/product\/309","targetHints":{"allow":["GET"]}}],"collection":[{"href":"https:\/\/regalaflores.com\/site\/wp-json\/wp\/v2\/product"}],"about":[{"href":"https:\/\/regalaflores.com\/site\/wp-json\/wp\/v2\/types\/product"}],"wp:featuredmedia":[{"embeddable":true,"href":"https:\/\/regalaflores.com\/site\/wp-json\/wp\/v2\/media\/285"}],"wp:attachment":[{"href":"https:\/\/regalaflores.com\/site\/wp-json\/wp\/v2\/media?parent=309"}],"wp:term":[{"taxonomy":"product_cat","embeddable":true,"href":"https:\/\/regalaflores.com\/site\/wp-json\/wp\/v2\/product_cat?post=309"},{"taxonomy":"product_tag","embeddable":true,"href":"https:\/\/regalaflores.com\/site\/wp-json\/wp\/v2\/product_tag?post=309"}],"curies":[{"name":"wp","href":"https:\/\/api.w.org\/{rel}","templated":true}]}}