{"id":436,"date":"2020-02-24T12:45:17","date_gmt":"2020-02-24T17:45:17","guid":{"rendered":"http:\/\/regalaflores.com\/wp\/?post_type=product&#038;p=436"},"modified":"2021-10-14T18:32:10","modified_gmt":"2021-10-14T23:32:10","slug":"dulce-corazon","status":"publish","type":"product","link":"https:\/\/regalaflores.com\/site\/producto\/dulce-corazon\/","title":{"rendered":"Dulce Coraz\u00f3n"},"content":{"rendered":"<p class=\"p1\">Se utiliza aproximadamente: 40 rosas rojas, rusco y chocolates Ferrero de 8 unidades en forma de coraz\u00f3n.Tiene una base de cart\u00f3n circular 30 x 35 blanco con cinta roja. Lamina de oasis h\u00fameda y forrado de papel celof\u00e1n para que no se moje la base del mismo tama\u00f1o decorado con el mo\u00f1o en cinta roja. Empezar a elaborar desde el centro hac\u00eda afuera y decorar con rusco para tapar la base de oasis.<\/p>\n","protected":false},"excerpt":{"rendered":"<p class=\"p1\">40 rosas en forma de coraz\u00f3n acompa\u00f1adas de una caja de 8 unidades de Ferrero Rocher tambien en forma de coraz\u00f3n. Tiene una base de cart\u00f3n blanco.<\/p>\n","protected":false},"featured_media":475,"template":"","meta":{"spay_email":"","jetpack_publicize_message":"","jetpack_is_tweetstorm":false,"jetpack_publicize_feature_enabled":true},"product_cat":[54,81,43,47,33,46,17],"product_tag":[],"class_list":["post-436","product","type-product","status-publish","has-post-thumbnail","hentry","product_cat-caja","product_cat-flores","product_cat-amor","product_cat-aniversario","product_cat-cumpleanos","product_cat-para-ella","product_cat-rosas","notblog"],"_links":{"self":[{"href":"https:\/\/regalaflores.com\/site\/wp-json\/wp\/v2\/product\/436","targetHints":{"allow":["GET"]}}],"collection":[{"href":"https:\/\/regalaflores.com\/site\/wp-json\/wp\/v2\/product"}],"about":[{"href":"https:\/\/regalaflores.com\/site\/wp-json\/wp\/v2\/types\/product"}],"wp:featuredmedia":[{"embeddable":true,"href":"https:\/\/regalaflores.com\/site\/wp-json\/wp\/v2\/media\/475"}],"wp:attachment":[{"href":"https:\/\/regalaflores.com\/site\/wp-json\/wp\/v2\/media?parent=436"}],"wp:term":[{"taxonomy":"product_cat","embeddable":true,"href":"https:\/\/regalaflores.com\/site\/wp-json\/wp\/v2\/product_cat?post=436"},{"taxonomy":"product_tag","embeddable":true,"href":"https:\/\/regalaflores.com\/site\/wp-json\/wp\/v2\/product_tag?post=436"}],"curies":[{"name":"wp","href":"https:\/\/api.w.org\/{rel}","templated":true}]}}