{"id":476,"date":"2020-02-24T12:51:05","date_gmt":"2020-02-24T17:51:05","guid":{"rendered":"http:\/\/regalaflores.com\/wp\/?post_type=product&#038;p=476"},"modified":"2021-10-14T18:31:32","modified_gmt":"2021-10-14T23:31:32","slug":"tierno-corazon","status":"publish","type":"product","link":"https:\/\/regalaflores.com\/site\/producto\/tierno-corazon\/","title":{"rendered":"Tierno Coraz\u00f3n"},"content":{"rendered":"<p class=\"p1\">Se utiliza aproximadamente:<span class=\"Apple-converted-space\">\u00a0 <\/span>40 rosas rojas, rusco para ocultar el oasis, 1 osos de peluche de 15 cm de alto.Tiene una base cart\u00f3n blanco de 30 x 35 cm, con cinta roja de sat\u00edn para decorar, con lamina de oasis h\u00famedo y forrado en papel celof\u00e1n para proteger la caja.Elaborar del centro hacia afuera.<\/p>\n","protected":false},"excerpt":{"rendered":"<p class=\"p1\">40 rosas en forma de coraz\u00f3n acompa\u00f1adas de 1 oso de 15 cm (modelo sujeto a disponibilidad). Tiene una base de cart\u00f3n blanco.<\/p>\n","protected":false},"featured_media":472,"template":"","meta":{"spay_email":"","jetpack_publicize_message":"","jetpack_is_tweetstorm":false,"jetpack_publicize_feature_enabled":true},"product_cat":[54,43,47,33,46,17],"product_tag":[],"class_list":["post-476","product","type-product","status-publish","has-post-thumbnail","hentry","product_cat-caja","product_cat-amor","product_cat-aniversario","product_cat-cumpleanos","product_cat-para-ella","product_cat-rosas","notblog"],"_links":{"self":[{"href":"https:\/\/regalaflores.com\/site\/wp-json\/wp\/v2\/product\/476","targetHints":{"allow":["GET"]}}],"collection":[{"href":"https:\/\/regalaflores.com\/site\/wp-json\/wp\/v2\/product"}],"about":[{"href":"https:\/\/regalaflores.com\/site\/wp-json\/wp\/v2\/types\/product"}],"wp:featuredmedia":[{"embeddable":true,"href":"https:\/\/regalaflores.com\/site\/wp-json\/wp\/v2\/media\/472"}],"wp:attachment":[{"href":"https:\/\/regalaflores.com\/site\/wp-json\/wp\/v2\/media?parent=476"}],"wp:term":[{"taxonomy":"product_cat","embeddable":true,"href":"https:\/\/regalaflores.com\/site\/wp-json\/wp\/v2\/product_cat?post=476"},{"taxonomy":"product_tag","embeddable":true,"href":"https:\/\/regalaflores.com\/site\/wp-json\/wp\/v2\/product_tag?post=476"}],"curies":[{"name":"wp","href":"https:\/\/api.w.org\/{rel}","templated":true}]}}