{"id":477,"date":"2020-02-24T12:53:35","date_gmt":"2020-02-24T17:53:35","guid":{"rendered":"http:\/\/regalaflores.com\/wp\/?post_type=product&#038;p=477"},"modified":"2021-10-14T18:31:03","modified_gmt":"2021-10-14T23:31:03","slug":"corazon-total","status":"publish","type":"product","link":"https:\/\/regalaflores.com\/site\/producto\/corazon-total\/","title":{"rendered":"Coraz\u00f3n Total"},"content":{"rendered":"<p class=\"p1\">Se utiliza aproximadamente:<span class=\"Apple-converted-space\">\u00a0 <\/span>50 rosas rojas, rusco para ocultar el oasis.Tiene una base de cart\u00f3n blanco de 30 x 35 cm con cinta roja de sat\u00edn para decorar, con lamina de oasis h\u00famedo y forrado en papel celof\u00e1n para proteger la caja.Elaborar del centro hacia afuera.<\/p>\n","protected":false},"excerpt":{"rendered":"<p class=\"p1\">Hermoso coraz\u00f3n formado por 50 rosas rojas, adornado con un mo\u00f1o de cinta roja. Tiene una base de cart\u00f3n blanco.<\/p>\n","protected":false},"featured_media":469,"template":"","meta":{"spay_email":"","jetpack_publicize_message":"","jetpack_is_tweetstorm":false,"jetpack_publicize_feature_enabled":true},"product_cat":[54,81,43,47,33,36,46,17],"product_tag":[],"class_list":["post-477","product","type-product","status-publish","has-post-thumbnail","hentry","product_cat-caja","product_cat-flores","product_cat-amor","product_cat-aniversario","product_cat-cumpleanos","product_cat-felicitaciones","product_cat-para-ella","product_cat-rosas","notblog"],"_links":{"self":[{"href":"https:\/\/regalaflores.com\/site\/wp-json\/wp\/v2\/product\/477","targetHints":{"allow":["GET"]}}],"collection":[{"href":"https:\/\/regalaflores.com\/site\/wp-json\/wp\/v2\/product"}],"about":[{"href":"https:\/\/regalaflores.com\/site\/wp-json\/wp\/v2\/types\/product"}],"wp:featuredmedia":[{"embeddable":true,"href":"https:\/\/regalaflores.com\/site\/wp-json\/wp\/v2\/media\/469"}],"wp:attachment":[{"href":"https:\/\/regalaflores.com\/site\/wp-json\/wp\/v2\/media?parent=477"}],"wp:term":[{"taxonomy":"product_cat","embeddable":true,"href":"https:\/\/regalaflores.com\/site\/wp-json\/wp\/v2\/product_cat?post=477"},{"taxonomy":"product_tag","embeddable":true,"href":"https:\/\/regalaflores.com\/site\/wp-json\/wp\/v2\/product_tag?post=477"}],"curies":[{"name":"wp","href":"https:\/\/api.w.org\/{rel}","templated":true}]}}