{"id":478,"date":"2020-02-24T12:55:09","date_gmt":"2020-02-24T17:55:09","guid":{"rendered":"http:\/\/regalaflores.com\/wp\/?post_type=product&#038;p=478"},"modified":"2021-10-14T18:30:10","modified_gmt":"2021-10-14T23:30:10","slug":"para-el","status":"publish","type":"product","link":"https:\/\/regalaflores.com\/site\/producto\/para-el\/","title":{"rendered":"Para El"},"content":{"rendered":"<p class=\"p1\">Se utiliza aproximadamente: 18 rosas amarillas, emperico y una hortensia verde blanca. Vino tinto Frontera y caja de chocolates Ferrero x 8. Tiene una caja de cart\u00f3n de 30 x 20 negra y un oasis h\u00famedo forrado de celof\u00e1n para proteger la caja. Elaborar de acuerdo a la imagen.<\/p>\n","protected":false},"excerpt":{"rendered":"<p class=\"p1\">Elegante caja con 18 rosas amarillas, emperico y una hortensia. Vino tinto Frontera (o similar) y caja de chocolates Ferrero Rocher x 8. Tiene una caja de cart\u00f3n negra.<\/p>\n","protected":false},"featured_media":466,"template":"","meta":{"spay_email":"","jetpack_publicize_message":"","jetpack_is_tweetstorm":false,"jetpack_publicize_feature_enabled":true},"product_cat":[54,81,40,35,47,45,18],"product_tag":[],"class_list":["post-478","product","type-product","status-publish","has-post-thumbnail","hentry","product_cat-caja","product_cat-flores","product_cat-agradecimiento","product_cat-amistad","product_cat-aniversario","product_cat-para-el","product_cat-surtidas","notblog"],"_links":{"self":[{"href":"https:\/\/regalaflores.com\/site\/wp-json\/wp\/v2\/product\/478","targetHints":{"allow":["GET"]}}],"collection":[{"href":"https:\/\/regalaflores.com\/site\/wp-json\/wp\/v2\/product"}],"about":[{"href":"https:\/\/regalaflores.com\/site\/wp-json\/wp\/v2\/types\/product"}],"wp:featuredmedia":[{"embeddable":true,"href":"https:\/\/regalaflores.com\/site\/wp-json\/wp\/v2\/media\/466"}],"wp:attachment":[{"href":"https:\/\/regalaflores.com\/site\/wp-json\/wp\/v2\/media?parent=478"}],"wp:term":[{"taxonomy":"product_cat","embeddable":true,"href":"https:\/\/regalaflores.com\/site\/wp-json\/wp\/v2\/product_cat?post=478"},{"taxonomy":"product_tag","embeddable":true,"href":"https:\/\/regalaflores.com\/site\/wp-json\/wp\/v2\/product_tag?post=478"}],"curies":[{"name":"wp","href":"https:\/\/api.w.org\/{rel}","templated":true}]}}