{"id":479,"date":"2020-02-24T13:00:48","date_gmt":"2020-02-24T18:00:48","guid":{"rendered":"http:\/\/regalaflores.com\/wp\/?post_type=product&#038;p=479"},"modified":"2021-10-14T18:28:42","modified_gmt":"2021-10-14T23:28:42","slug":"caja-rosas-salmon","status":"publish","type":"product","link":"https:\/\/regalaflores.com\/site\/producto\/caja-rosas-salmon\/","title":{"rendered":"Caja 9 Rosas"},"content":{"rendered":"<p class=\"p1\">Se utiliza aproximadamente: 9 rosas salm\u00f3n, decorada con rusco y emperico rosado. Tiene una base de cart\u00f3n negro de 15 x 15 cm y un oasis h\u00famedo forrado de celof\u00e1n para proteger la caja. Elaborar de acuerdo a la imagen<\/p>\n","protected":false},"excerpt":{"rendered":"<p class=\"p1\">Caja de 9 rosas salm\u00f3n (o color seleccionado), decorada con rusco y emperico rosado. Tiene una base de cart\u00f3n negro .<\/p>\n","protected":false},"featured_media":463,"template":"","meta":{"spay_email":"","jetpack_publicize_message":"","jetpack_is_tweetstorm":false,"jetpack_publicize_feature_enabled":true},"product_cat":[54,81,40,35,43,47,33,44,36,45,46,17],"product_tag":[],"class_list":["post-479","product","type-product","status-publish","has-post-thumbnail","hentry","product_cat-caja","product_cat-flores","product_cat-agradecimiento","product_cat-amistad","product_cat-amor","product_cat-aniversario","product_cat-cumpleanos","product_cat-dia-de-la-madre","product_cat-felicitaciones","product_cat-para-el","product_cat-para-ella","product_cat-rosas","product_shipping_class-envio_clase","notblog","rtwpvs-product"],"_links":{"self":[{"href":"https:\/\/regalaflores.com\/site\/wp-json\/wp\/v2\/product\/479","targetHints":{"allow":["GET"]}}],"collection":[{"href":"https:\/\/regalaflores.com\/site\/wp-json\/wp\/v2\/product"}],"about":[{"href":"https:\/\/regalaflores.com\/site\/wp-json\/wp\/v2\/types\/product"}],"wp:featuredmedia":[{"embeddable":true,"href":"https:\/\/regalaflores.com\/site\/wp-json\/wp\/v2\/media\/463"}],"wp:attachment":[{"href":"https:\/\/regalaflores.com\/site\/wp-json\/wp\/v2\/media?parent=479"}],"wp:term":[{"taxonomy":"product_cat","embeddable":true,"href":"https:\/\/regalaflores.com\/site\/wp-json\/wp\/v2\/product_cat?post=479"},{"taxonomy":"product_tag","embeddable":true,"href":"https:\/\/regalaflores.com\/site\/wp-json\/wp\/v2\/product_tag?post=479"}],"curies":[{"name":"wp","href":"https:\/\/api.w.org\/{rel}","templated":true}]}}