{"id":481,"date":"2020-02-24T13:04:12","date_gmt":"2020-02-24T18:04:12","guid":{"rendered":"http:\/\/regalaflores.com\/wp\/?post_type=product&#038;p=481"},"modified":"2021-10-14T18:27:50","modified_gmt":"2021-10-14T23:27:50","slug":"caja-24-rosas","status":"publish","type":"product","link":"https:\/\/regalaflores.com\/site\/producto\/caja-24-rosas\/","title":{"rendered":"Caja 24 Rosas"},"content":{"rendered":"<p class=\"p1\">Se utiliza aproximadamente: 24 rosas naranja, decorada con mo\u00f1o sat\u00edn rojo. Caja redonda negra para 24 y un oasis h\u00famedo forrado de celof\u00e1n para proteger la caja. Elaborar del centro hacia afuera de acuerdo a la imagen.<\/p>\n","protected":false},"excerpt":{"rendered":"<p class=\"p1\">Linda caja redonda con 24 rosas color naranja ( o color seleccionado), decorada con mo\u00f1o rojo. Tiene una base de cart\u00f3n negro.<\/p>\n","protected":false},"featured_media":457,"template":"","meta":{"spay_email":"","jetpack_publicize_message":"","jetpack_is_tweetstorm":false,"jetpack_publicize_feature_enabled":true},"product_cat":[54,81,43,47,33,44,46,17],"product_tag":[],"class_list":["post-481","product","type-product","status-publish","has-post-thumbnail","hentry","product_cat-caja","product_cat-flores","product_cat-amor","product_cat-aniversario","product_cat-cumpleanos","product_cat-dia-de-la-madre","product_cat-para-ella","product_cat-rosas","notblog","rtwpvs-product"],"_links":{"self":[{"href":"https:\/\/regalaflores.com\/site\/wp-json\/wp\/v2\/product\/481","targetHints":{"allow":["GET"]}}],"collection":[{"href":"https:\/\/regalaflores.com\/site\/wp-json\/wp\/v2\/product"}],"about":[{"href":"https:\/\/regalaflores.com\/site\/wp-json\/wp\/v2\/types\/product"}],"wp:featuredmedia":[{"embeddable":true,"href":"https:\/\/regalaflores.com\/site\/wp-json\/wp\/v2\/media\/457"}],"wp:attachment":[{"href":"https:\/\/regalaflores.com\/site\/wp-json\/wp\/v2\/media?parent=481"}],"wp:term":[{"taxonomy":"product_cat","embeddable":true,"href":"https:\/\/regalaflores.com\/site\/wp-json\/wp\/v2\/product_cat?post=481"},{"taxonomy":"product_tag","embeddable":true,"href":"https:\/\/regalaflores.com\/site\/wp-json\/wp\/v2\/product_tag?post=481"}],"curies":[{"name":"wp","href":"https:\/\/api.w.org\/{rel}","templated":true}]}}