{"id":482,"date":"2020-02-24T13:09:40","date_gmt":"2020-02-24T18:09:40","guid":{"rendered":"http:\/\/regalaflores.com\/wp\/?post_type=product&#038;p=482"},"modified":"2021-11-26T07:44:28","modified_gmt":"2021-11-26T12:44:28","slug":"caja-20-rosas","status":"publish","type":"product","link":"https:\/\/regalaflores.com\/site\/producto\/caja-20-rosas\/","title":{"rendered":"caja 20 Rosas"},"content":{"rendered":"<p class=\"p1\">Se utiliza aproximadamente: 20 rosas, decorada con rusco para ocultar el oasis. Tiene una base de cart\u00f3n negra de 30 x 20 cm, punta del rusco y un oasis h\u00famedo forrado de celof\u00e1n para proteger la caja. Elaborar de acuerdo a la imagen.<span class=\"Apple-converted-space\">\u00a0<\/span><\/p>\n","protected":false},"excerpt":{"rendered":"<p class=\"p1\">Caja con 20 rosas fucsia (o color seleccionado). Tiene una base de cart\u00f3n negra.<\/p>\n","protected":false},"featured_media":454,"template":"","meta":{"spay_email":"","jetpack_publicize_message":"","jetpack_is_tweetstorm":false,"jetpack_publicize_feature_enabled":true},"product_cat":[54,40,35,43,47,33,44,36,46,17],"product_tag":[],"class_list":["post-482","product","type-product","status-publish","has-post-thumbnail","hentry","product_cat-caja","product_cat-agradecimiento","product_cat-amistad","product_cat-amor","product_cat-aniversario","product_cat-cumpleanos","product_cat-dia-de-la-madre","product_cat-felicitaciones","product_cat-para-ella","product_cat-rosas","notblog","rtwpvs-product"],"_links":{"self":[{"href":"https:\/\/regalaflores.com\/site\/wp-json\/wp\/v2\/product\/482","targetHints":{"allow":["GET"]}}],"collection":[{"href":"https:\/\/regalaflores.com\/site\/wp-json\/wp\/v2\/product"}],"about":[{"href":"https:\/\/regalaflores.com\/site\/wp-json\/wp\/v2\/types\/product"}],"wp:featuredmedia":[{"embeddable":true,"href":"https:\/\/regalaflores.com\/site\/wp-json\/wp\/v2\/media\/454"}],"wp:attachment":[{"href":"https:\/\/regalaflores.com\/site\/wp-json\/wp\/v2\/media?parent=482"}],"wp:term":[{"taxonomy":"product_cat","embeddable":true,"href":"https:\/\/regalaflores.com\/site\/wp-json\/wp\/v2\/product_cat?post=482"},{"taxonomy":"product_tag","embeddable":true,"href":"https:\/\/regalaflores.com\/site\/wp-json\/wp\/v2\/product_tag?post=482"}],"curies":[{"name":"wp","href":"https:\/\/api.w.org\/{rel}","templated":true}]}}