{"id":484,"date":"2020-02-24T13:13:06","date_gmt":"2020-02-24T18:13:06","guid":{"rendered":"http:\/\/regalaflores.com\/wp\/?post_type=product&#038;p=484"},"modified":"2021-10-14T18:26:47","modified_gmt":"2021-10-14T23:26:47","slug":"caja-mini-flores","status":"publish","type":"product","link":"https:\/\/regalaflores.com\/site\/producto\/caja-mini-flores\/","title":{"rendered":"Caja Mini Flores"},"content":{"rendered":"<p class=\"p1\">Se utiliza aproximadamente: Mini clavellina rosado y fucsia.Pinoquio verde<span class=\"Apple-converted-space\">\u00a0 <\/span>y hortensia rosada, Mini clavel rosado, margaritas , mini rosas rosadas y ortensias pequena rosado. Tiene una base de cart\u00f3n negra de 15 x 15 cm y un oasis h\u00famedo forrado de celof\u00e1n para proteger la caja. Elaborar de acuerdo a la imagen. <span class=\"Apple-converted-space\">\u00a0<\/span><\/p>\n","protected":false},"excerpt":{"rendered":"<p class=\"p1\">Linda caja con Mini clavellina rosado y fucsia, pinoquio verde<span class=\"Apple-converted-space\">\u00a0 <\/span>y hortensia rosada, mini clavel rosado, margaritas , mini rosas rosadas y hortensias peque\u00f1a rosado. Tiene una base de cart\u00f3n negra.<\/p>\n","protected":false},"featured_media":450,"template":"","meta":{"spay_email":"","jetpack_publicize_message":"","jetpack_is_tweetstorm":false,"jetpack_publicize_feature_enabled":true},"product_cat":[54,40,35,43,47,33,44,36,42,46,18],"product_tag":[],"class_list":["post-484","product","type-product","status-publish","has-post-thumbnail","hentry","product_cat-caja","product_cat-agradecimiento","product_cat-amistad","product_cat-amor","product_cat-aniversario","product_cat-cumpleanos","product_cat-dia-de-la-madre","product_cat-felicitaciones","product_cat-nacimiento","product_cat-para-ella","product_cat-surtidas","notblog"],"_links":{"self":[{"href":"https:\/\/regalaflores.com\/site\/wp-json\/wp\/v2\/product\/484","targetHints":{"allow":["GET"]}}],"collection":[{"href":"https:\/\/regalaflores.com\/site\/wp-json\/wp\/v2\/product"}],"about":[{"href":"https:\/\/regalaflores.com\/site\/wp-json\/wp\/v2\/types\/product"}],"wp:featuredmedia":[{"embeddable":true,"href":"https:\/\/regalaflores.com\/site\/wp-json\/wp\/v2\/media\/450"}],"wp:attachment":[{"href":"https:\/\/regalaflores.com\/site\/wp-json\/wp\/v2\/media?parent=484"}],"wp:term":[{"taxonomy":"product_cat","embeddable":true,"href":"https:\/\/regalaflores.com\/site\/wp-json\/wp\/v2\/product_cat?post=484"},{"taxonomy":"product_tag","embeddable":true,"href":"https:\/\/regalaflores.com\/site\/wp-json\/wp\/v2\/product_tag?post=484"}],"curies":[{"name":"wp","href":"https:\/\/api.w.org\/{rel}","templated":true}]}}