{"id":488,"date":"2020-02-24T13:17:43","date_gmt":"2020-02-24T18:17:43","guid":{"rendered":"http:\/\/regalaflores.com\/wp\/?post_type=product&#038;p=488"},"modified":"2021-10-14T11:03:03","modified_gmt":"2021-10-14T16:03:03","slug":"caja-arco-iris","status":"publish","type":"product","link":"https:\/\/regalaflores.com\/site\/producto\/caja-arco-iris\/","title":{"rendered":"Caja Arco Iris"},"content":{"rendered":"<p class=\"p1\">Se utiliza aproximadamente: 7 rosas rojas, 7 rosas blancas, 7 rosas amarillas, 7 rosas fucsias, 7 rosas rosadas, decorado con rusco.Tiene una base de cart\u00f3n negro rectangular de 30 x 20 cm y un oasis h\u00famedo forrado de celof\u00e1n para proteger la caja. Elaborar de acuerdo a la imagen. <span class=\"Apple-converted-space\">\u00a0<\/span><\/p>\n","protected":false},"excerpt":{"rendered":"<p class=\"p1\">Caja con 7 rosas rojas, 7 rosas blancas, 7 rosas amarillas, 7 rosas fucsias, 7 rosas rosadas, decorado con rusco. Tiene una base de cart\u00f3n negro.<\/p>\n","protected":false},"featured_media":439,"template":"","meta":{"spay_email":"","jetpack_publicize_message":"","jetpack_is_tweetstorm":false,"jetpack_publicize_feature_enabled":true},"product_cat":[54,81,32,40,35,43,47,33,44,36,45,46,17],"product_tag":[],"class_list":["post-488","product","type-product","status-publish","has-post-thumbnail","hentry","product_cat-caja","product_cat-flores","product_cat-ocasion","product_cat-agradecimiento","product_cat-amistad","product_cat-amor","product_cat-aniversario","product_cat-cumpleanos","product_cat-dia-de-la-madre","product_cat-felicitaciones","product_cat-para-el","product_cat-para-ella","product_cat-rosas","notblog"],"_links":{"self":[{"href":"https:\/\/regalaflores.com\/site\/wp-json\/wp\/v2\/product\/488","targetHints":{"allow":["GET"]}}],"collection":[{"href":"https:\/\/regalaflores.com\/site\/wp-json\/wp\/v2\/product"}],"about":[{"href":"https:\/\/regalaflores.com\/site\/wp-json\/wp\/v2\/types\/product"}],"wp:featuredmedia":[{"embeddable":true,"href":"https:\/\/regalaflores.com\/site\/wp-json\/wp\/v2\/media\/439"}],"wp:attachment":[{"href":"https:\/\/regalaflores.com\/site\/wp-json\/wp\/v2\/media?parent=488"}],"wp:term":[{"taxonomy":"product_cat","embeddable":true,"href":"https:\/\/regalaflores.com\/site\/wp-json\/wp\/v2\/product_cat?post=488"},{"taxonomy":"product_tag","embeddable":true,"href":"https:\/\/regalaflores.com\/site\/wp-json\/wp\/v2\/product_tag?post=488"}],"curies":[{"name":"wp","href":"https:\/\/api.w.org\/{rel}","templated":true}]}}