{"id":93,"date":"2020-02-10T15:42:42","date_gmt":"2020-02-10T20:42:42","guid":{"rendered":"http:\/\/regalaflores.com\/wp\/?post_type=product&#038;p=93"},"modified":"2021-10-14T19:23:06","modified_gmt":"2021-10-15T00:23:06","slug":"36-rosas-rosadas","status":"publish","type":"product","link":"https:\/\/regalaflores.com\/site\/producto\/36-rosas-rosadas\/","title":{"rendered":"36 Rosas"},"content":{"rendered":"<p class=\"p1\">Se utiliza aproximadamente: 36 rosas y 4 paquetes de rusco. Tiene una base de madera de 15 x 15 con lamina de oasis h\u00fameda y forrada en papel celof\u00e1n para proteger la caja. Mide aproximadamente 55 cm de alto.Empezar a elaborar desde el centro hac\u00eda afuera y decorar con rusco para tapar la base de oasis.<\/p>\n","protected":false},"excerpt":{"rendered":"<p class=\"p1\">Arreglo de 36 Rosas Rosadas o del color seleccionado, follaje en rusco y base de madera.<\/p>\n","protected":false},"featured_media":86,"template":"","meta":{"spay_email":"","jetpack_publicize_message":"","jetpack_is_tweetstorm":false,"jetpack_publicize_feature_enabled":true},"product_cat":[52,35,43,47,33,44,46,17],"product_tag":[],"class_list":["post-93","product","type-product","status-publish","has-post-thumbnail","hentry","product_cat-arreglo","product_cat-amistad","product_cat-amor","product_cat-aniversario","product_cat-cumpleanos","product_cat-dia-de-la-madre","product_cat-para-ella","product_cat-rosas","notblog","rtwpvs-product"],"_links":{"self":[{"href":"https:\/\/regalaflores.com\/site\/wp-json\/wp\/v2\/product\/93","targetHints":{"allow":["GET"]}}],"collection":[{"href":"https:\/\/regalaflores.com\/site\/wp-json\/wp\/v2\/product"}],"about":[{"href":"https:\/\/regalaflores.com\/site\/wp-json\/wp\/v2\/types\/product"}],"wp:featuredmedia":[{"embeddable":true,"href":"https:\/\/regalaflores.com\/site\/wp-json\/wp\/v2\/media\/86"}],"wp:attachment":[{"href":"https:\/\/regalaflores.com\/site\/wp-json\/wp\/v2\/media?parent=93"}],"wp:term":[{"taxonomy":"product_cat","embeddable":true,"href":"https:\/\/regalaflores.com\/site\/wp-json\/wp\/v2\/product_cat?post=93"},{"taxonomy":"product_tag","embeddable":true,"href":"https:\/\/regalaflores.com\/site\/wp-json\/wp\/v2\/product_tag?post=93"}],"curies":[{"name":"wp","href":"https:\/\/api.w.org\/{rel}","templated":true}]}}