{"id":97,"date":"2020-02-10T16:19:18","date_gmt":"2020-02-10T21:19:18","guid":{"rendered":"http:\/\/regalaflores.com\/wp\/?post_type=product&#038;p=97"},"modified":"2021-10-14T19:21:42","modified_gmt":"2021-10-15T00:21:42","slug":"24-rosas","status":"publish","type":"product","link":"https:\/\/regalaflores.com\/site\/producto\/24-rosas\/","title":{"rendered":"24 Rosas"},"content":{"rendered":"<p class=\"p1\">Se utiliza aproximadamente: 24 rosas<span class=\"Apple-converted-space\">\u00a0 <\/span>y 2 a 3 paquetes de rusco.Tiene una base cuadrada de madera 14 x 14 para medio oasis h\u00famedo y forrado en papel celof\u00e1n para proteger la caja. Mide aproximadamente 40 cm de alto.Empezar a elaborar desde el centro hac\u00eda afuera y decorar con rusco para tapar la base de oasis.<\/p>\n","protected":false},"excerpt":{"rendered":"<p class=\"p1\">Arreglo de 24 Rosas Salm\u00f3n o del color seleccionado, follaje en rusco y base de madera.<\/p>\n","protected":false},"featured_media":80,"template":"","meta":{"spay_email":"","jetpack_publicize_message":"","jetpack_is_tweetstorm":false,"jetpack_publicize_feature_enabled":true},"product_cat":[52,35,43,47,33,44,46,17],"product_tag":[],"class_list":["post-97","product","type-product","status-publish","has-post-thumbnail","hentry","product_cat-arreglo","product_cat-amistad","product_cat-amor","product_cat-aniversario","product_cat-cumpleanos","product_cat-dia-de-la-madre","product_cat-para-ella","product_cat-rosas","notblog","rtwpvs-product"],"_links":{"self":[{"href":"https:\/\/regalaflores.com\/site\/wp-json\/wp\/v2\/product\/97","targetHints":{"allow":["GET"]}}],"collection":[{"href":"https:\/\/regalaflores.com\/site\/wp-json\/wp\/v2\/product"}],"about":[{"href":"https:\/\/regalaflores.com\/site\/wp-json\/wp\/v2\/types\/product"}],"wp:featuredmedia":[{"embeddable":true,"href":"https:\/\/regalaflores.com\/site\/wp-json\/wp\/v2\/media\/80"}],"wp:attachment":[{"href":"https:\/\/regalaflores.com\/site\/wp-json\/wp\/v2\/media?parent=97"}],"wp:term":[{"taxonomy":"product_cat","embeddable":true,"href":"https:\/\/regalaflores.com\/site\/wp-json\/wp\/v2\/product_cat?post=97"},{"taxonomy":"product_tag","embeddable":true,"href":"https:\/\/regalaflores.com\/site\/wp-json\/wp\/v2\/product_tag?post=97"}],"curies":[{"name":"wp","href":"https:\/\/api.w.org\/{rel}","templated":true}]}}